{"id":124,"date":"2025-02-17T09:52:10","date_gmt":"2025-02-17T08:52:10","guid":{"rendered":"https:\/\/freiheitsmamas.de\/impressum\/"},"modified":"2026-04-15T20:53:36","modified_gmt":"2026-04-15T18:53:36","slug":"impressum","status":"publish","type":"page","link":"https:\/\/freiheitsmamas.de\/en\/impressum\/","title":{"rendered":"Impressum"},"content":{"rendered":"<p>Anja L\u00f6ppmann<\/p>\n\n\n\n<p>d\u014dTERRA-Wellnessbotschafterin, Ern\u00e4hrungsberaterin und Beraterin f\u00fcr ganzheitliche Gesundheit<\/p>\n\n\n\n<p>Emsdettener Str. 10<\/p>\n\n\n\n<p>c\/o Postflex #5990<\/p>\n\n\n\n<p>48268 Greven<\/p>\n\n\n\n<p><\/p>\n\n\n\n<p><strong>Kontakt<\/strong><\/p>\n\n\n\n<p>Telefon: 08731\/3199003<\/p>\n\n\n\n<p>E-Mail: info@anja-loeppmann.de<\/p>\n\n\n\n<p><\/p>\n\n\n\n<p><strong>Umsatzsteuer-ID<\/strong><\/p>\n\n\n\n<p>Umsatzsteuer-Identifikationsnummer gem\u00e4\u00df \u00a7 27 a Umsatzsteuergesetz:<\/p>\n\n\n\n<p>DE347731242<\/p>\n\n\n\n<p><\/p>\n\n\n\n<p><strong>Redaktionell verantwortlich<\/strong><\/p>\n\n\n\n<p>Anja L\u00f6ppmann<\/p>\n\n\n\n<p><\/p>\n\n\n\n<p><strong>Verbraucherstreitbeilegung\/Universalschlichtungsstelle<\/strong><\/p>\n\n\n\n<p>Wir sind nicht bereit oder verpflichtet, an Streitbeilegungsverfahren vor einer<\/p>\n\n\n\n<p>Verbraucherschlichtungsstelle teilzunehmen.<\/p>\n\n\n\n<p><\/p>","protected":false},"excerpt":{"rendered":"<p>Anja L\u00f6ppmann d\u014dTERRA-Wellnessbotschafterin, Ern\u00e4hrungsberaterin und Beraterin f\u00fcr ganzheitliche Gesundheit Emsdettener Str. 10 c\/o Postflex #5990 48268 Greven Kontakt Telefon: 08731\/3199003 E-Mail: info@anja-loeppmann.de Umsatzsteuer-ID Umsatzsteuer-Identifikationsnummer gem\u00e4\u00df \u00a7 27 a Umsatzsteuergesetz: DE347731242 Redaktionell verantwortlich Anja L\u00f6ppmann Verbraucherstreitbeilegung\/Universalschlichtungsstelle Wir sind nicht bereit oder verpflichtet, an Streitbeilegungsverfahren vor einer Verbraucherschlichtungsstelle teilzunehmen.<\/p>","protected":false},"author":1,"featured_media":0,"parent":0,"menu_order":0,"comment_status":"closed","ping_status":"closed","template":"","meta":{"footnotes":""},"class_list":["post-124","page","type-page","status-publish","hentry"],"yoast_head":"<!-- This site is optimized with the Yoast SEO plugin v27.0 - https:\/\/yoast.com\/product\/yoast-seo-wordpress\/ -->\n<title>Impressum - freiheitsmamas.de<\/title>\n<meta name=\"robots\" content=\"noindex, nofollow\" \/>\n<meta property=\"og:locale\" content=\"en_US\" \/>\n<meta property=\"og:type\" content=\"article\" \/>\n<meta property=\"og:title\" content=\"Impressum - freiheitsmamas.de\" \/>\n<meta property=\"og:description\" content=\"Anja L\u00f6ppmann d\u014dTERRA-Wellnessbotschafterin, Ern\u00e4hrungsberaterin und Beraterin f\u00fcr ganzheitliche Gesundheit Emsdettener Str. 10 c\/o Postflex #5990 48268 Greven Kontakt Telefon: 08731\/3199003 E-Mail: info@anja-loeppmann.de Umsatzsteuer-ID Umsatzsteuer-Identifikationsnummer gem\u00e4\u00df \u00a7 27 a Umsatzsteuergesetz: DE347731242 Redaktionell verantwortlich Anja L\u00f6ppmann Verbraucherstreitbeilegung\/Universalschlichtungsstelle Wir sind nicht bereit oder verpflichtet, an Streitbeilegungsverfahren vor einer Verbraucherschlichtungsstelle teilzunehmen.\" \/>\n<meta property=\"og:url\" content=\"https:\/\/freiheitsmamas.de\/en\/impressum\/\" \/>\n<meta property=\"og:site_name\" content=\"freiheitsmamas.de\" \/>\n<meta property=\"article:modified_time\" content=\"2026-04-15T18:53:36+00:00\" \/>\n<meta name=\"twitter:card\" content=\"summary_large_image\" \/>\n<meta name=\"twitter:label1\" content=\"Est. reading time\" \/>\n\t<meta name=\"twitter:data1\" content=\"1 minute\" \/>\n<script type=\"application\/ld+json\" class=\"yoast-schema-graph\">{\"@context\":\"https:\/\/schema.org\",\"@graph\":[{\"@type\":\"WebPage\",\"@id\":\"https:\/\/freiheitsmamas.de\/impressum\/\",\"url\":\"https:\/\/freiheitsmamas.de\/impressum\/\",\"name\":\"Impressum - freiheitsmamas.de\",\"isPartOf\":{\"@id\":\"https:\/\/freiheitsmamas.de\/#website\"},\"datePublished\":\"2025-02-17T08:52:10+00:00\",\"dateModified\":\"2026-04-15T18:53:36+00:00\",\"breadcrumb\":{\"@id\":\"https:\/\/freiheitsmamas.de\/impressum\/#breadcrumb\"},\"inLanguage\":\"en-US\",\"potentialAction\":[{\"@type\":\"ReadAction\",\"target\":[\"https:\/\/freiheitsmamas.de\/impressum\/\"]}]},{\"@type\":\"BreadcrumbList\",\"@id\":\"https:\/\/freiheitsmamas.de\/impressum\/#breadcrumb\",\"itemListElement\":[{\"@type\":\"ListItem\",\"position\":1,\"name\":\"Startseite\",\"item\":\"https:\/\/freiheitsmamas.de\/\"},{\"@type\":\"ListItem\",\"position\":2,\"name\":\"Impressum\"}]},{\"@type\":\"WebSite\",\"@id\":\"https:\/\/freiheitsmamas.de\/#website\",\"url\":\"https:\/\/freiheitsmamas.de\/\",\"name\":\"freiheitsmamas.de\",\"description\":\"\",\"publisher\":{\"@id\":\"https:\/\/freiheitsmamas.de\/#\/schema\/person\/9e1fb9b16d478d6b85b5b4ae641bd007\"},\"potentialAction\":[{\"@type\":\"SearchAction\",\"target\":{\"@type\":\"EntryPoint\",\"urlTemplate\":\"https:\/\/freiheitsmamas.de\/?s={search_term_string}\"},\"query-input\":{\"@type\":\"PropertyValueSpecification\",\"valueRequired\":true,\"valueName\":\"search_term_string\"}}],\"inLanguage\":\"en-US\"},{\"@type\":[\"Person\",\"Organization\"],\"@id\":\"https:\/\/freiheitsmamas.de\/#\/schema\/person\/9e1fb9b16d478d6b85b5b4ae641bd007\",\"name\":\"Anja\",\"image\":{\"@type\":\"ImageObject\",\"inLanguage\":\"en-US\",\"@id\":\"https:\/\/freiheitsmamas.de\/#\/schema\/person\/image\/\",\"url\":\"https:\/\/freiheitsmamas.de\/wp-content\/uploads\/2025\/02\/03.-Alternate-logo-Kopie.png\",\"contentUrl\":\"https:\/\/freiheitsmamas.de\/wp-content\/uploads\/2025\/02\/03.-Alternate-logo-Kopie.png\",\"width\":2560,\"height\":1261,\"caption\":\"Anja\"},\"logo\":{\"@id\":\"https:\/\/freiheitsmamas.de\/#\/schema\/person\/image\/\"},\"sameAs\":[\"http:\/\/anja-loeppmann.de\",\"https:\/\/www.instagram.com\/freiheitsmamas\"]}]}<\/script>\n<!-- \/ Yoast SEO plugin. -->","yoast_head_json":{"title":"Impressum - freiheitsmamas.de","robots":{"index":"noindex","follow":"nofollow"},"og_locale":"en_US","og_type":"article","og_title":"Impressum - freiheitsmamas.de","og_description":"Anja L\u00f6ppmann d\u014dTERRA-Wellnessbotschafterin, Ern\u00e4hrungsberaterin und Beraterin f\u00fcr ganzheitliche Gesundheit Emsdettener Str. 10 c\/o Postflex #5990 48268 Greven Kontakt Telefon: 08731\/3199003 E-Mail: info@anja-loeppmann.de Umsatzsteuer-ID Umsatzsteuer-Identifikationsnummer gem\u00e4\u00df \u00a7 27 a Umsatzsteuergesetz: DE347731242 Redaktionell verantwortlich Anja L\u00f6ppmann Verbraucherstreitbeilegung\/Universalschlichtungsstelle Wir sind nicht bereit oder verpflichtet, an Streitbeilegungsverfahren vor einer Verbraucherschlichtungsstelle teilzunehmen.","og_url":"https:\/\/freiheitsmamas.de\/en\/impressum\/","og_site_name":"freiheitsmamas.de","article_modified_time":"2026-04-15T18:53:36+00:00","twitter_card":"summary_large_image","twitter_misc":{"Est. reading time":"1 minute"},"schema":{"@context":"https:\/\/schema.org","@graph":[{"@type":"WebPage","@id":"https:\/\/freiheitsmamas.de\/impressum\/","url":"https:\/\/freiheitsmamas.de\/impressum\/","name":"Impressum - freiheitsmamas.de","isPartOf":{"@id":"https:\/\/freiheitsmamas.de\/#website"},"datePublished":"2025-02-17T08:52:10+00:00","dateModified":"2026-04-15T18:53:36+00:00","breadcrumb":{"@id":"https:\/\/freiheitsmamas.de\/impressum\/#breadcrumb"},"inLanguage":"en-US","potentialAction":[{"@type":"ReadAction","target":["https:\/\/freiheitsmamas.de\/impressum\/"]}]},{"@type":"BreadcrumbList","@id":"https:\/\/freiheitsmamas.de\/impressum\/#breadcrumb","itemListElement":[{"@type":"ListItem","position":1,"name":"Startseite","item":"https:\/\/freiheitsmamas.de\/"},{"@type":"ListItem","position":2,"name":"Impressum"}]},{"@type":"WebSite","@id":"https:\/\/freiheitsmamas.de\/#website","url":"https:\/\/freiheitsmamas.de\/","name":"freiheitsmamas.de","description":"","publisher":{"@id":"https:\/\/freiheitsmamas.de\/#\/schema\/person\/9e1fb9b16d478d6b85b5b4ae641bd007"},"potentialAction":[{"@type":"SearchAction","target":{"@type":"EntryPoint","urlTemplate":"https:\/\/freiheitsmamas.de\/?s={search_term_string}"},"query-input":{"@type":"PropertyValueSpecification","valueRequired":true,"valueName":"search_term_string"}}],"inLanguage":"en-US"},{"@type":["Person","Organization"],"@id":"https:\/\/freiheitsmamas.de\/#\/schema\/person\/9e1fb9b16d478d6b85b5b4ae641bd007","name":"Anja","image":{"@type":"ImageObject","inLanguage":"en-US","@id":"https:\/\/freiheitsmamas.de\/#\/schema\/person\/image\/","url":"https:\/\/freiheitsmamas.de\/wp-content\/uploads\/2025\/02\/03.-Alternate-logo-Kopie.png","contentUrl":"https:\/\/freiheitsmamas.de\/wp-content\/uploads\/2025\/02\/03.-Alternate-logo-Kopie.png","width":2560,"height":1261,"caption":"Anja"},"logo":{"@id":"https:\/\/freiheitsmamas.de\/#\/schema\/person\/image\/"},"sameAs":["http:\/\/anja-loeppmann.de","https:\/\/www.instagram.com\/freiheitsmamas"]}]}},"_links":{"self":[{"href":"https:\/\/freiheitsmamas.de\/en\/wp-json\/wp\/v2\/pages\/124","targetHints":{"allow":["GET"]}}],"collection":[{"href":"https:\/\/freiheitsmamas.de\/en\/wp-json\/wp\/v2\/pages"}],"about":[{"href":"https:\/\/freiheitsmamas.de\/en\/wp-json\/wp\/v2\/types\/page"}],"author":[{"embeddable":true,"href":"https:\/\/freiheitsmamas.de\/en\/wp-json\/wp\/v2\/users\/1"}],"replies":[{"embeddable":true,"href":"https:\/\/freiheitsmamas.de\/en\/wp-json\/wp\/v2\/comments?post=124"}],"version-history":[{"count":8,"href":"https:\/\/freiheitsmamas.de\/en\/wp-json\/wp\/v2\/pages\/124\/revisions"}],"predecessor-version":[{"id":3595,"href":"https:\/\/freiheitsmamas.de\/en\/wp-json\/wp\/v2\/pages\/124\/revisions\/3595"}],"wp:attachment":[{"href":"https:\/\/freiheitsmamas.de\/en\/wp-json\/wp\/v2\/media?parent=124"}],"curies":[{"name":"wp","href":"https:\/\/api.w.org\/{rel}","templated":true}]}}