{"id":243,"date":"2025-02-18T13:37:30","date_gmt":"2025-02-18T12:37:30","guid":{"rendered":"https:\/\/freiheitsmamas.de\/?page_id=243"},"modified":"2026-02-23T17:39:07","modified_gmt":"2026-02-23T16:39:07","slug":"ueber-mich","status":"publish","type":"page","link":"https:\/\/freiheitsmamas.de\/en\/ueber-mich\/","title":{"rendered":"\u00dcber mich"},"content":{"rendered":"<div data-elementor-type=\"wp-page\" data-elementor-id=\"243\" class=\"elementor elementor-243\" data-elementor-post-type=\"page\">\n\t\t\t\t<main class=\"elementor-element elementor-element-a0ec0b3 e-flex e-con-boxed e-con e-parent\" data-id=\"a0ec0b3\" data-element_type=\"container\" data-e-type=\"container\" data-settings=\"{&quot;background_background&quot;:&quot;classic&quot;}\">\n\t\t\t\t\t<div class=\"e-con-inner\">\n\t\t\t\t<div class=\"elementor-element elementor-element-3c18e12 elementor-widget elementor-widget-heading\" data-id=\"3c18e12\" data-element_type=\"widget\" data-e-type=\"widget\" data-widget_type=\"heading.default\">\n\t\t\t\t\t<h1 class=\"elementor-heading-title elementor-size-default\">\u00dcber mich \u2013 Anja L\u00f6ppmann<\/h1>\t\t\t\t<\/div>\n\t\t\t\t<div class=\"elementor-element elementor-element-3e116ca elementor-widget elementor-widget-heading\" data-id=\"3e116ca\" data-element_type=\"widget\" data-e-type=\"widget\" data-widget_type=\"heading.default\">\n\t\t\t\t\t<h2 class=\"elementor-heading-title elementor-size-default\">Mama. Mentorin. Mutmacherin f\u00fcr ein freies, verbundenes Leben.<\/h2>\t\t\t\t<\/div>\n\t\t\t\t<div class=\"elementor-element elementor-element-5aeb669 elementor-widget elementor-widget-text-editor\" data-id=\"5aeb669\" data-element_type=\"widget\" data-e-type=\"widget\" data-widget_type=\"text-editor.default\">\n\t\t\t\t\t\t\t\t\t<div class=\"page\" title=\"Page 1\"><div class=\"layoutArea\"><div class=\"column\"><div class=\"page\" title=\"Page 1\"><div class=\"layoutArea\"><div class=\"column\"><p>Ich bin Anja, Mama einer wundervollen Tochter.<br \/>Heute lebe ich ein Leben voller Freiheit, Klarheit und Verbindung \u2013 aber das war nicht immer so.<\/p><p>Fru\u0308her war ich in einem sicheren Bu\u0308rojob, arbeitete als Bankkauffrau und Vorstandssekreta\u0308rin \u2013 und spu\u0308rte trotzdem jeden Tag: Das kann doch nicht alles sein.<br \/>Ich fu\u0308hlte mich unterfordert, fremdbestimmt und wu\u0308nschte mir mehr Sinn. Mehr Raum. Mehr Ich.<\/p><\/div><\/div><\/div><\/div><\/div><\/div>\t\t\t\t\t\t\t\t<\/div>\n\t\t\t\t\t<\/div>\n\t\t\t\t<\/main>\n\t\t<div class=\"elementor-element elementor-element-77a713e e-flex e-con-boxed e-con e-parent\" data-id=\"77a713e\" data-element_type=\"container\" data-e-type=\"container\">\n\t\t\t\t\t<div class=\"e-con-inner\">\n\t\t<div class=\"elementor-element elementor-element-fb66de1 e-con-full e-flex e-con e-child\" data-id=\"fb66de1\" data-element_type=\"container\" data-e-type=\"container\">\n\t\t\t\t<div class=\"elementor-element elementor-element-38388f5 elementor-widget elementor-widget-heading\" data-id=\"38388f5\" data-element_type=\"widget\" data-e-type=\"widget\" data-widget_type=\"heading.default\">\n\t\t\t\t\t<h2 class=\"elementor-heading-title elementor-size-default\">Mein Weg in ein neues Leben<\/h2>\t\t\t\t<\/div>\n\t\t\t\t<div class=\"elementor-element elementor-element-e76ebd7 elementor-widget elementor-widget-text-editor\" data-id=\"e76ebd7\" data-element_type=\"widget\" data-e-type=\"widget\" data-widget_type=\"text-editor.default\">\n\t\t\t\t\t\t\t\t\t<div class=\"page\" title=\"Page 1\">\n<div class=\"layoutArea\">\n<div class=\"column\">\n<div class=\"page\" title=\"Page 1\">\n<div class=\"layoutArea\">\n<div class=\"column\">\n<p>Erst u\u0308ber das Interesse an Erna\u0308hrung und Bewegung begann ich, bewusster zu leben.<br>Ich machte Ausbildungen zur staatlich anerkannten Erna\u0308hrungsberaterin und Fitnesstrainerin \u2013 und spu\u0308rte zum ersten Mal, wie erfu\u0308llend es ist, anderen wirklich zu helfen.<\/p>\n<p>Dann kamen \u2013 ganz nebenbei beim Gassigehen \u2013 die a\u0308therischen O\u0308le in mein Leben. Was mit einem flu\u0308chtigen Gespra\u0308ch begann, wurde zu einer tiefen Liebe. Heute sind sie mein ta\u0308glicher Begleiter \u2013 und die Basis meines Herzensbusiness.<\/p>\n<p>Mit d\u014dTERRA habe ich mir ein Business aufgebaut, das mir ermo\u0308glicht, als Mama frei und selbstbestimmt zu arbeiten \u2013 ohne mich zwischen Kind und Karriere entscheiden zu mu\u0308ssen. Und genau das mo\u0308chte ich weitergeben.<\/p>\n<\/div>\n<\/div>\n<\/div>\n<\/div>\n<\/div>\n<\/div>\t\t\t\t\t\t\t\t<\/div>\n\t\t\t\t<\/div>\n\t\t<div class=\"elementor-element elementor-element-98d4ca4 e-con-full elementor-hidden-mobile e-flex e-con e-child\" data-id=\"98d4ca4\" data-element_type=\"container\" data-e-type=\"container\" data-settings=\"{&quot;background_background&quot;:&quot;classic&quot;}\">\n\t\t\t\t<\/div>\n\t\t\t\t\t<\/div>\n\t\t\t\t<\/div>\n\t\t<main class=\"elementor-element elementor-element-3079fbb e-flex e-con-boxed e-con e-parent\" data-id=\"3079fbb\" data-element_type=\"container\" data-e-type=\"container\" data-settings=\"{&quot;background_background&quot;:&quot;classic&quot;}\">\n\t\t\t\t\t<div class=\"e-con-inner\">\n\t\t\t\t<div class=\"elementor-element elementor-element-ab96f15 elementor-widget elementor-widget-heading\" data-id=\"ab96f15\" data-element_type=\"widget\" data-e-type=\"widget\" data-widget_type=\"heading.default\">\n\t\t\t\t\t<h2 class=\"elementor-heading-title elementor-size-default\">Was mich heute erf\u00fcllt<\/h2>\t\t\t\t<\/div>\n\t\t\t\t<div class=\"elementor-element elementor-element-174909e elementor-widget elementor-widget-text-editor\" data-id=\"174909e\" data-element_type=\"widget\" data-e-type=\"widget\" data-widget_type=\"text-editor.default\">\n\t\t\t\t\t\t\t\t\t<div class=\"page\" title=\"Page 1\"><div class=\"layoutArea\"><div class=\"column\"><div class=\"page\" title=\"Page 1\"><div class=\"layoutArea\"><div class=\"column\"><p class=\"p1\">Ich liebe es, Mamas zu begleiten \u2013 auf dem Weg zur\u00fcck zu sich selbst.<\/p><p class=\"p1\">In meinen Coachings unterst\u00fctze ich Frauen dabei, mit einem neuen Mindset, st\u00e4rkenden Routinen und nat\u00fcrlichen Helfern wie den \u00d6len wieder mehr Harmonie in ihr Familienleben zu bringen.<\/p><p class=\"p1\">Ich glaube nicht an Perfektion \u2013 sondern an Echtheit, Herz und Entwicklung.<\/p><p class=\"p1\">Und ich glaube daran, dass jede Mama das verdient hat:<\/p><p class=\"p1\">Ein Leben, das sie liebt. Und das zu ihr passt.<\/p><\/div><\/div><\/div><\/div><\/div><\/div>\t\t\t\t\t\t\t\t<\/div>\n\t\t\t\t\t<\/div>\n\t\t\t\t<\/main>\n\t\t<div class=\"elementor-element elementor-element-b22bece e-flex e-con-boxed e-con e-parent\" data-id=\"b22bece\" data-element_type=\"container\" data-e-type=\"container\">\n\t\t\t\t\t<div class=\"e-con-inner\">\n\t\t<div class=\"elementor-element elementor-element-36d11e7 e-con-full e-flex e-con e-child\" data-id=\"36d11e7\" data-element_type=\"container\" data-e-type=\"container\">\n\t\t\t\t<div class=\"elementor-element elementor-element-5292a81 elementor-widget elementor-widget-heading\" data-id=\"5292a81\" data-element_type=\"widget\" data-e-type=\"widget\" data-widget_type=\"heading.default\">\n\t\t\t\t\t<h2 class=\"elementor-heading-title elementor-size-default\">Meine Werte<\/h2>\t\t\t\t<\/div>\n\t\t\t\t<div class=\"elementor-element elementor-element-b3364fa elementor-widget elementor-widget-text-editor\" data-id=\"b3364fa\" data-element_type=\"widget\" data-e-type=\"widget\" data-widget_type=\"text-editor.default\">\n\t\t\t\t\t\t\t\t\t<p class=\"p1\"><b>Ehrlichkeit &amp; Authentizit\u00e4t<\/b> \u2013 ich bin, wie ich bin, und lade dich ein, auch du zu sein<\/p><p class=\"p1\"><b>Harmonie &amp; Familie<\/b> \u2013 mein gr\u00f6\u00dfter Antrieb<\/p><p class=\"p1\"><b>Empathie &amp; Leichtigkeit<\/b> \u2013 du darfst dich gesehen, verstanden und best\u00e4rkt f\u00fchlen<\/p><p class=\"p1\"><b>Freiheit &amp; Sinn<\/b> \u2013 weil das Leben mehr sein darf als ein Funktionieren<\/p>\t\t\t\t\t\t\t\t<\/div>\n\t\t\t\t<\/div>\n\t\t<div class=\"elementor-element elementor-element-8063748 e-con-full elementor-hidden-mobile e-flex e-con e-child\" data-id=\"8063748\" data-element_type=\"container\" data-e-type=\"container\" data-settings=\"{&quot;background_background&quot;:&quot;classic&quot;}\">\n\t\t\t\t<\/div>\n\t\t\t\t\t<\/div>\n\t\t\t\t<\/div>\n\t\t<main class=\"elementor-element elementor-element-17d83a8 e-flex e-con-boxed e-con e-parent\" data-id=\"17d83a8\" data-element_type=\"container\" data-e-type=\"container\" data-settings=\"{&quot;background_background&quot;:&quot;classic&quot;}\">\n\t\t\t\t\t<div class=\"e-con-inner\">\n\t\t\t\t<div class=\"elementor-element elementor-element-d2a124e elementor-widget elementor-widget-heading\" data-id=\"d2a124e\" data-element_type=\"widget\" data-e-type=\"widget\" data-widget_type=\"heading.default\">\n\t\t\t\t\t<h2 class=\"elementor-heading-title elementor-size-default\">Was ich dir sagen m\u00f6chte<\/h2>\t\t\t\t<\/div>\n\t\t\t\t<div class=\"elementor-element elementor-element-ffdd4a1 elementor-widget elementor-widget-text-editor\" data-id=\"ffdd4a1\" data-element_type=\"widget\" data-e-type=\"widget\" data-widget_type=\"text-editor.default\">\n\t\t\t\t\t\t\t\t\t<p class=\"p1\">Du musst nicht perfekt sein.<\/p><p class=\"p1\">Du musst dich nicht vergleichen.<\/p><p class=\"p1\"><b>Du bist richtig \u2013 genau so, wie du bist.<\/b><\/p><p class=\"p1\">Ich bin hier, um dich daran zu erinnern.<\/p><p class=\"p1\">Von Mama zu Mama. Von Herz zu Herz.<\/p>\t\t\t\t\t\t\t\t<\/div>\n\t\t\t\t\t<\/div>\n\t\t\t\t<\/main>\n\t\t\t\t<\/div>","protected":false},"excerpt":{"rendered":"<p>\u00dcber mich \u2013 Anja L\u00f6ppmann Mama. Mentorin. Mutmacherin f\u00fcr ein freies, verbundenes Leben. Ich bin Anja, Mama einer wundervollen Tochter.Heute lebe ich ein Leben voller Freiheit, Klarheit und Verbindung \u2013 aber das war nicht immer so. Fru\u0308her war ich in einem sicheren Bu\u0308rojob, arbeitete als Bankkauffrau und Vorstandssekreta\u0308rin \u2013 und spu\u0308rte trotzdem jeden Tag: Das [&hellip;]<\/p>\n","protected":false},"author":1,"featured_media":0,"parent":0,"menu_order":0,"comment_status":"closed","ping_status":"closed","template":"elementor_header_footer","meta":{"footnotes":""},"class_list":["post-243","page","type-page","status-publish","hentry"],"yoast_head":"<!-- This site is optimized with the Yoast SEO plugin v27.0 - https:\/\/yoast.com\/product\/yoast-seo-wordpress\/ -->\n<title>\u00dcber mich - freiheitsmamas.de<\/title>\n<meta name=\"robots\" content=\"index, follow, max-snippet:-1, max-image-preview:large, max-video-preview:-1\" \/>\n<link rel=\"canonical\" href=\"https:\/\/freiheitsmamas.de\/en\/ueber-mich\/\" \/>\n<meta property=\"og:locale\" content=\"en_US\" \/>\n<meta property=\"og:type\" content=\"article\" \/>\n<meta property=\"og:title\" content=\"\u00dcber mich - freiheitsmamas.de\" \/>\n<meta property=\"og:description\" content=\"\u00dcber mich \u2013 Anja L\u00f6ppmann Mama. Mentorin. Mutmacherin f\u00fcr ein freies, verbundenes Leben. Ich bin Anja, Mama einer wundervollen Tochter.Heute lebe ich ein Leben voller Freiheit, Klarheit und Verbindung \u2013 aber das war nicht immer so. Fru\u0308her war ich in einem sicheren Bu\u0308rojob, arbeitete als Bankkauffrau und Vorstandssekreta\u0308rin \u2013 und spu\u0308rte trotzdem jeden Tag: Das [&hellip;]\" \/>\n<meta property=\"og:url\" content=\"https:\/\/freiheitsmamas.de\/en\/ueber-mich\/\" \/>\n<meta property=\"og:site_name\" content=\"freiheitsmamas.de\" \/>\n<meta property=\"article:modified_time\" content=\"2026-02-23T16:39:07+00:00\" \/>\n<meta name=\"twitter:card\" content=\"summary_large_image\" \/>\n<meta name=\"twitter:label1\" content=\"Est. reading time\" \/>\n\t<meta name=\"twitter:data1\" content=\"2 minutes\" \/>\n<script type=\"application\/ld+json\" class=\"yoast-schema-graph\">{\"@context\":\"https:\/\/schema.org\",\"@graph\":[{\"@type\":\"WebPage\",\"@id\":\"https:\/\/freiheitsmamas.de\/ueber-mich\/\",\"url\":\"https:\/\/freiheitsmamas.de\/ueber-mich\/\",\"name\":\"\u00dcber mich - freiheitsmamas.de\",\"isPartOf\":{\"@id\":\"https:\/\/freiheitsmamas.de\/#website\"},\"datePublished\":\"2025-02-18T12:37:30+00:00\",\"dateModified\":\"2026-02-23T16:39:07+00:00\",\"breadcrumb\":{\"@id\":\"https:\/\/freiheitsmamas.de\/ueber-mich\/#breadcrumb\"},\"inLanguage\":\"en-US\",\"potentialAction\":[{\"@type\":\"ReadAction\",\"target\":[\"https:\/\/freiheitsmamas.de\/ueber-mich\/\"]}]},{\"@type\":\"BreadcrumbList\",\"@id\":\"https:\/\/freiheitsmamas.de\/ueber-mich\/#breadcrumb\",\"itemListElement\":[{\"@type\":\"ListItem\",\"position\":1,\"name\":\"Startseite\",\"item\":\"https:\/\/freiheitsmamas.de\/\"},{\"@type\":\"ListItem\",\"position\":2,\"name\":\"\u00dcber mich\"}]},{\"@type\":\"WebSite\",\"@id\":\"https:\/\/freiheitsmamas.de\/#website\",\"url\":\"https:\/\/freiheitsmamas.de\/\",\"name\":\"freiheitsmamas.de\",\"description\":\"\",\"publisher\":{\"@id\":\"https:\/\/freiheitsmamas.de\/#\/schema\/person\/9e1fb9b16d478d6b85b5b4ae641bd007\"},\"potentialAction\":[{\"@type\":\"SearchAction\",\"target\":{\"@type\":\"EntryPoint\",\"urlTemplate\":\"https:\/\/freiheitsmamas.de\/?s={search_term_string}\"},\"query-input\":{\"@type\":\"PropertyValueSpecification\",\"valueRequired\":true,\"valueName\":\"search_term_string\"}}],\"inLanguage\":\"en-US\"},{\"@type\":[\"Person\",\"Organization\"],\"@id\":\"https:\/\/freiheitsmamas.de\/#\/schema\/person\/9e1fb9b16d478d6b85b5b4ae641bd007\",\"name\":\"Anja\",\"image\":{\"@type\":\"ImageObject\",\"inLanguage\":\"en-US\",\"@id\":\"https:\/\/freiheitsmamas.de\/#\/schema\/person\/image\/\",\"url\":\"https:\/\/freiheitsmamas.de\/wp-content\/uploads\/2025\/02\/03.-Alternate-logo-Kopie.png\",\"contentUrl\":\"https:\/\/freiheitsmamas.de\/wp-content\/uploads\/2025\/02\/03.-Alternate-logo-Kopie.png\",\"width\":2560,\"height\":1261,\"caption\":\"Anja\"},\"logo\":{\"@id\":\"https:\/\/freiheitsmamas.de\/#\/schema\/person\/image\/\"},\"sameAs\":[\"http:\/\/anja-loeppmann.de\",\"https:\/\/www.instagram.com\/freiheitsmamas\"]}]}<\/script>\n<!-- \/ Yoast SEO plugin. -->","yoast_head_json":{"title":"\u00dcber mich - freiheitsmamas.de","robots":{"index":"index","follow":"follow","max-snippet":"max-snippet:-1","max-image-preview":"max-image-preview:large","max-video-preview":"max-video-preview:-1"},"canonical":"https:\/\/freiheitsmamas.de\/en\/ueber-mich\/","og_locale":"en_US","og_type":"article","og_title":"\u00dcber mich - freiheitsmamas.de","og_description":"\u00dcber mich \u2013 Anja L\u00f6ppmann Mama. Mentorin. Mutmacherin f\u00fcr ein freies, verbundenes Leben. Ich bin Anja, Mama einer wundervollen Tochter.Heute lebe ich ein Leben voller Freiheit, Klarheit und Verbindung \u2013 aber das war nicht immer so. Fru\u0308her war ich in einem sicheren Bu\u0308rojob, arbeitete als Bankkauffrau und Vorstandssekreta\u0308rin \u2013 und spu\u0308rte trotzdem jeden Tag: Das [&hellip;]","og_url":"https:\/\/freiheitsmamas.de\/en\/ueber-mich\/","og_site_name":"freiheitsmamas.de","article_modified_time":"2026-02-23T16:39:07+00:00","twitter_card":"summary_large_image","twitter_misc":{"Est. reading time":"2 minutes"},"schema":{"@context":"https:\/\/schema.org","@graph":[{"@type":"WebPage","@id":"https:\/\/freiheitsmamas.de\/ueber-mich\/","url":"https:\/\/freiheitsmamas.de\/ueber-mich\/","name":"\u00dcber mich - freiheitsmamas.de","isPartOf":{"@id":"https:\/\/freiheitsmamas.de\/#website"},"datePublished":"2025-02-18T12:37:30+00:00","dateModified":"2026-02-23T16:39:07+00:00","breadcrumb":{"@id":"https:\/\/freiheitsmamas.de\/ueber-mich\/#breadcrumb"},"inLanguage":"en-US","potentialAction":[{"@type":"ReadAction","target":["https:\/\/freiheitsmamas.de\/ueber-mich\/"]}]},{"@type":"BreadcrumbList","@id":"https:\/\/freiheitsmamas.de\/ueber-mich\/#breadcrumb","itemListElement":[{"@type":"ListItem","position":1,"name":"Startseite","item":"https:\/\/freiheitsmamas.de\/"},{"@type":"ListItem","position":2,"name":"\u00dcber mich"}]},{"@type":"WebSite","@id":"https:\/\/freiheitsmamas.de\/#website","url":"https:\/\/freiheitsmamas.de\/","name":"freiheitsmamas.de","description":"","publisher":{"@id":"https:\/\/freiheitsmamas.de\/#\/schema\/person\/9e1fb9b16d478d6b85b5b4ae641bd007"},"potentialAction":[{"@type":"SearchAction","target":{"@type":"EntryPoint","urlTemplate":"https:\/\/freiheitsmamas.de\/?s={search_term_string}"},"query-input":{"@type":"PropertyValueSpecification","valueRequired":true,"valueName":"search_term_string"}}],"inLanguage":"en-US"},{"@type":["Person","Organization"],"@id":"https:\/\/freiheitsmamas.de\/#\/schema\/person\/9e1fb9b16d478d6b85b5b4ae641bd007","name":"Anja","image":{"@type":"ImageObject","inLanguage":"en-US","@id":"https:\/\/freiheitsmamas.de\/#\/schema\/person\/image\/","url":"https:\/\/freiheitsmamas.de\/wp-content\/uploads\/2025\/02\/03.-Alternate-logo-Kopie.png","contentUrl":"https:\/\/freiheitsmamas.de\/wp-content\/uploads\/2025\/02\/03.-Alternate-logo-Kopie.png","width":2560,"height":1261,"caption":"Anja"},"logo":{"@id":"https:\/\/freiheitsmamas.de\/#\/schema\/person\/image\/"},"sameAs":["http:\/\/anja-loeppmann.de","https:\/\/www.instagram.com\/freiheitsmamas"]}]}},"_links":{"self":[{"href":"https:\/\/freiheitsmamas.de\/en\/wp-json\/wp\/v2\/pages\/243","targetHints":{"allow":["GET"]}}],"collection":[{"href":"https:\/\/freiheitsmamas.de\/en\/wp-json\/wp\/v2\/pages"}],"about":[{"href":"https:\/\/freiheitsmamas.de\/en\/wp-json\/wp\/v2\/types\/page"}],"author":[{"embeddable":true,"href":"https:\/\/freiheitsmamas.de\/en\/wp-json\/wp\/v2\/users\/1"}],"replies":[{"embeddable":true,"href":"https:\/\/freiheitsmamas.de\/en\/wp-json\/wp\/v2\/comments?post=243"}],"version-history":[{"count":10,"href":"https:\/\/freiheitsmamas.de\/en\/wp-json\/wp\/v2\/pages\/243\/revisions"}],"predecessor-version":[{"id":3029,"href":"https:\/\/freiheitsmamas.de\/en\/wp-json\/wp\/v2\/pages\/243\/revisions\/3029"}],"wp:attachment":[{"href":"https:\/\/freiheitsmamas.de\/en\/wp-json\/wp\/v2\/media?parent=243"}],"curies":[{"name":"wp","href":"https:\/\/api.w.org\/{rel}","templated":true}]}}