{"id":247,"date":"2025-02-18T13:38:31","date_gmt":"2025-02-18T12:38:31","guid":{"rendered":"https:\/\/freiheitsmamas.de\/?page_id=247"},"modified":"2026-02-23T18:37:45","modified_gmt":"2026-02-23T17:37:45","slug":"newsletter","status":"publish","type":"page","link":"https:\/\/freiheitsmamas.de\/en\/newsletter\/","title":{"rendered":"Newsletter"},"content":{"rendered":"<div data-elementor-type=\"wp-page\" data-elementor-id=\"247\" class=\"elementor elementor-247\" data-elementor-post-type=\"page\">\n\t\t\t\t<div class=\"elementor-element elementor-element-242abf5 e-flex e-con-boxed e-con e-parent\" data-id=\"242abf5\" data-element_type=\"container\" data-e-type=\"container\" data-settings=\"{&quot;background_background&quot;:&quot;classic&quot;}\">\n\t\t\t\t\t<div class=\"e-con-inner\">\n\t\t\t\t<div class=\"elementor-element elementor-element-a11013e elementor-widget elementor-widget-heading\" data-id=\"a11013e\" data-element_type=\"widget\" data-e-type=\"widget\" data-widget_type=\"heading.default\">\n\t\t\t\t\t<h2 class=\"elementor-heading-title elementor-size-default\">Dein Mama-Newsletter zum Durchatmen<\/h2>\t\t\t\t<\/div>\n\t\t\t\t<div class=\"elementor-element elementor-element-2722baf elementor-widget elementor-widget-text-editor\" data-id=\"2722baf\" data-element_type=\"widget\" data-e-type=\"widget\" data-widget_type=\"text-editor.default\">\n\t\t\t\t\t\t\t\t\t<p data-start=\"198\" data-end=\"349\">Sehnst du dich nach kleinen Auszeiten im Mama-Alltag, nach nat\u00fcrlichen Tipps f\u00fcr dich und deine Familie und nach Inspiration, die dir wirklich gut tut?<\/p><p data-start=\"351\" data-end=\"431\">In meinem Newsletter teile ich in regelm\u00e4\u00dfig ausf\u00fchrlichere Infos zu diesen und noch viel mehr Mama-Themen:<\/p><ul data-start=\"432\" data-end=\"689\"><li data-start=\"432\" data-end=\"491\"><p data-start=\"434\" data-end=\"491\">Gesundheit der Familie und wie diese im Alltag auch wirklich funktioniert<\/p><\/li><li data-start=\"492\" data-end=\"561\"><p data-start=\"494\" data-end=\"561\">praktische Tipps rund um \u00e4therische \u00d6le und nat\u00fcrliche Hausmittel<\/p><\/li><li data-start=\"562\" data-end=\"616\"><p data-start=\"564\" data-end=\"616\">ehrliche Einblicke, die dich st\u00e4rken und ermutigen<\/p><\/li><li data-start=\"617\" data-end=\"689\"><p data-start=\"619\" data-end=\"689\">und manchmal einfach nur ein bisschen Mama-Magie f\u00fcr zwischendurch \u2728<\/p><\/li><\/ul><p data-start=\"691\" data-end=\"795\">Kein Spam. Kein Blabla. Sondern ehrlicher und wertvoller Inhalt!<\/p><p data-start=\"797\" data-end=\"876\">\ud83d\udc49 Trag dich jetzt ein und g\u00f6nn dir jede Woche einen kleinen Wohlf\u00fchl-Moment in deinem Postfach.<\/p>\t\t\t\t\t\t\t\t<\/div>\n\t\t\t\t<div class=\"elementor-element elementor-element-17a0c90 elementor-widget elementor-widget-convertkit-elementor-form\" data-id=\"17a0c90\" data-element_type=\"widget\" data-e-type=\"widget\" data-widget_type=\"convertkit-elementor-form.default\">\n\t\t\t\t<div class=\"elementor-widget-container\">\n\t\t\t\t\t<div class=\"convertkit-form wp-block-convertkit-form\" style=\"\"><script async data-uid=\"56225047ab\" src=\"https:\/\/freiheitsmamas.kit.com\/56225047ab\/index.js\" data-jetpack-boost=\"ignore\" data-no-defer=\"1\" nowprocket><\/script><\/div>\t\t\t\t<\/div>\n\t\t\t\t<\/div>\n\t\t\t\t<div class=\"elementor-element elementor-element-a6407b3 elementor-widget elementor-widget-text-editor\" data-id=\"a6407b3\" data-element_type=\"widget\" data-e-type=\"widget\" data-widget_type=\"text-editor.default\">\n\t\t\t\t\t\t\t\t\t<p>Mit dem Absenden deiner Anmeldung erkl\u00e4rst du dich einverstanden, dass deine Daten an meinen Maildienstleister <a href=\"http:\/\/kit.com\">Kit<\/a> zum Zwecke der Weiterverarbeitung \u00fcbergeben und gem\u00e4\u00df deren <a href=\"https:\/\/kit.com\/privacy\" target=\"_blank\" rel=\"noopener\">Datenschutzbedingungen<\/a> gespeichert werden. Deine Daten werden NICHT an Dritte weiter gegeben. Du kannst dich jederzeit aus dem Newsletter abmelden. <a href=\"https:\/\/freiheitsmamas.de\/en\/datenschutzerklaerung\/\" target=\"_blank\" rel=\"noopener\">Mehr Informationen zu Kit und wie mit deinen Daten verfahren wird, findest du in unserer Datenschutzerkl\u00e4rung<\/a>.<\/p>\t\t\t\t\t\t\t\t<\/div>\n\t\t\t\t\t<\/div>\n\t\t\t\t<\/div>\n\t\t\t\t<\/div>","protected":false},"excerpt":{"rendered":"<p>Dein Mama-Newsletter zum Durchatmen Sehnst du dich nach kleinen Auszeiten im Mama-Alltag, nach nat\u00fcrlichen Tipps f\u00fcr dich und deine Familie und nach Inspiration, die dir wirklich gut tut? In meinem Newsletter teile ich in regelm\u00e4\u00dfig ausf\u00fchrlichere Infos zu diesen und noch viel mehr Mama-Themen: Gesundheit der Familie und wie diese im Alltag auch wirklich funktioniert [&hellip;]<\/p>\n","protected":false},"author":1,"featured_media":0,"parent":0,"menu_order":0,"comment_status":"closed","ping_status":"closed","template":"elementor_header_footer","meta":{"footnotes":""},"class_list":["post-247","page","type-page","status-publish","hentry"],"yoast_head":"<!-- This site is optimized with the Yoast SEO plugin v27.0 - https:\/\/yoast.com\/product\/yoast-seo-wordpress\/ -->\n<title>Newsletter - freiheitsmamas.de<\/title>\n<meta name=\"robots\" content=\"index, follow, max-snippet:-1, max-image-preview:large, max-video-preview:-1\" \/>\n<link rel=\"canonical\" href=\"https:\/\/freiheitsmamas.de\/en\/newsletter\/\" \/>\n<meta property=\"og:locale\" content=\"en_US\" \/>\n<meta property=\"og:type\" content=\"article\" \/>\n<meta property=\"og:title\" content=\"Newsletter - freiheitsmamas.de\" \/>\n<meta property=\"og:description\" content=\"Dein Mama-Newsletter zum Durchatmen Sehnst du dich nach kleinen Auszeiten im Mama-Alltag, nach nat\u00fcrlichen Tipps f\u00fcr dich und deine Familie und nach Inspiration, die dir wirklich gut tut? In meinem Newsletter teile ich in regelm\u00e4\u00dfig ausf\u00fchrlichere Infos zu diesen und noch viel mehr Mama-Themen: Gesundheit der Familie und wie diese im Alltag auch wirklich funktioniert [&hellip;]\" \/>\n<meta property=\"og:url\" content=\"https:\/\/freiheitsmamas.de\/en\/newsletter\/\" \/>\n<meta property=\"og:site_name\" content=\"freiheitsmamas.de\" \/>\n<meta property=\"article:modified_time\" content=\"2026-02-23T17:37:45+00:00\" \/>\n<meta name=\"twitter:card\" content=\"summary_large_image\" \/>\n<meta name=\"twitter:label1\" content=\"Est. reading time\" \/>\n\t<meta name=\"twitter:data1\" content=\"1 minute\" \/>\n<script type=\"application\/ld+json\" class=\"yoast-schema-graph\">{\"@context\":\"https:\/\/schema.org\",\"@graph\":[{\"@type\":\"WebPage\",\"@id\":\"https:\/\/freiheitsmamas.de\/newsletter\/\",\"url\":\"https:\/\/freiheitsmamas.de\/newsletter\/\",\"name\":\"Newsletter - freiheitsmamas.de\",\"isPartOf\":{\"@id\":\"https:\/\/freiheitsmamas.de\/#website\"},\"datePublished\":\"2025-02-18T12:38:31+00:00\",\"dateModified\":\"2026-02-23T17:37:45+00:00\",\"breadcrumb\":{\"@id\":\"https:\/\/freiheitsmamas.de\/newsletter\/#breadcrumb\"},\"inLanguage\":\"en-US\",\"potentialAction\":[{\"@type\":\"ReadAction\",\"target\":[\"https:\/\/freiheitsmamas.de\/newsletter\/\"]}]},{\"@type\":\"BreadcrumbList\",\"@id\":\"https:\/\/freiheitsmamas.de\/newsletter\/#breadcrumb\",\"itemListElement\":[{\"@type\":\"ListItem\",\"position\":1,\"name\":\"Startseite\",\"item\":\"https:\/\/freiheitsmamas.de\/\"},{\"@type\":\"ListItem\",\"position\":2,\"name\":\"Newsletter\"}]},{\"@type\":\"WebSite\",\"@id\":\"https:\/\/freiheitsmamas.de\/#website\",\"url\":\"https:\/\/freiheitsmamas.de\/\",\"name\":\"freiheitsmamas.de\",\"description\":\"\",\"publisher\":{\"@id\":\"https:\/\/freiheitsmamas.de\/#\/schema\/person\/9e1fb9b16d478d6b85b5b4ae641bd007\"},\"potentialAction\":[{\"@type\":\"SearchAction\",\"target\":{\"@type\":\"EntryPoint\",\"urlTemplate\":\"https:\/\/freiheitsmamas.de\/?s={search_term_string}\"},\"query-input\":{\"@type\":\"PropertyValueSpecification\",\"valueRequired\":true,\"valueName\":\"search_term_string\"}}],\"inLanguage\":\"en-US\"},{\"@type\":[\"Person\",\"Organization\"],\"@id\":\"https:\/\/freiheitsmamas.de\/#\/schema\/person\/9e1fb9b16d478d6b85b5b4ae641bd007\",\"name\":\"Anja\",\"image\":{\"@type\":\"ImageObject\",\"inLanguage\":\"en-US\",\"@id\":\"https:\/\/freiheitsmamas.de\/#\/schema\/person\/image\/\",\"url\":\"https:\/\/freiheitsmamas.de\/wp-content\/uploads\/2025\/02\/03.-Alternate-logo-Kopie.png\",\"contentUrl\":\"https:\/\/freiheitsmamas.de\/wp-content\/uploads\/2025\/02\/03.-Alternate-logo-Kopie.png\",\"width\":2560,\"height\":1261,\"caption\":\"Anja\"},\"logo\":{\"@id\":\"https:\/\/freiheitsmamas.de\/#\/schema\/person\/image\/\"},\"sameAs\":[\"http:\/\/anja-loeppmann.de\",\"https:\/\/www.instagram.com\/freiheitsmamas\"]}]}<\/script>\n<!-- \/ Yoast SEO plugin. -->","yoast_head_json":{"title":"Newsletter - freiheitsmamas.de","robots":{"index":"index","follow":"follow","max-snippet":"max-snippet:-1","max-image-preview":"max-image-preview:large","max-video-preview":"max-video-preview:-1"},"canonical":"https:\/\/freiheitsmamas.de\/en\/newsletter\/","og_locale":"en_US","og_type":"article","og_title":"Newsletter - freiheitsmamas.de","og_description":"Dein Mama-Newsletter zum Durchatmen Sehnst du dich nach kleinen Auszeiten im Mama-Alltag, nach nat\u00fcrlichen Tipps f\u00fcr dich und deine Familie und nach Inspiration, die dir wirklich gut tut? In meinem Newsletter teile ich in regelm\u00e4\u00dfig ausf\u00fchrlichere Infos zu diesen und noch viel mehr Mama-Themen: Gesundheit der Familie und wie diese im Alltag auch wirklich funktioniert [&hellip;]","og_url":"https:\/\/freiheitsmamas.de\/en\/newsletter\/","og_site_name":"freiheitsmamas.de","article_modified_time":"2026-02-23T17:37:45+00:00","twitter_card":"summary_large_image","twitter_misc":{"Est. reading time":"1 minute"},"schema":{"@context":"https:\/\/schema.org","@graph":[{"@type":"WebPage","@id":"https:\/\/freiheitsmamas.de\/newsletter\/","url":"https:\/\/freiheitsmamas.de\/newsletter\/","name":"Newsletter - freiheitsmamas.de","isPartOf":{"@id":"https:\/\/freiheitsmamas.de\/#website"},"datePublished":"2025-02-18T12:38:31+00:00","dateModified":"2026-02-23T17:37:45+00:00","breadcrumb":{"@id":"https:\/\/freiheitsmamas.de\/newsletter\/#breadcrumb"},"inLanguage":"en-US","potentialAction":[{"@type":"ReadAction","target":["https:\/\/freiheitsmamas.de\/newsletter\/"]}]},{"@type":"BreadcrumbList","@id":"https:\/\/freiheitsmamas.de\/newsletter\/#breadcrumb","itemListElement":[{"@type":"ListItem","position":1,"name":"Startseite","item":"https:\/\/freiheitsmamas.de\/"},{"@type":"ListItem","position":2,"name":"Newsletter"}]},{"@type":"WebSite","@id":"https:\/\/freiheitsmamas.de\/#website","url":"https:\/\/freiheitsmamas.de\/","name":"freiheitsmamas.de","description":"","publisher":{"@id":"https:\/\/freiheitsmamas.de\/#\/schema\/person\/9e1fb9b16d478d6b85b5b4ae641bd007"},"potentialAction":[{"@type":"SearchAction","target":{"@type":"EntryPoint","urlTemplate":"https:\/\/freiheitsmamas.de\/?s={search_term_string}"},"query-input":{"@type":"PropertyValueSpecification","valueRequired":true,"valueName":"search_term_string"}}],"inLanguage":"en-US"},{"@type":["Person","Organization"],"@id":"https:\/\/freiheitsmamas.de\/#\/schema\/person\/9e1fb9b16d478d6b85b5b4ae641bd007","name":"Anja","image":{"@type":"ImageObject","inLanguage":"en-US","@id":"https:\/\/freiheitsmamas.de\/#\/schema\/person\/image\/","url":"https:\/\/freiheitsmamas.de\/wp-content\/uploads\/2025\/02\/03.-Alternate-logo-Kopie.png","contentUrl":"https:\/\/freiheitsmamas.de\/wp-content\/uploads\/2025\/02\/03.-Alternate-logo-Kopie.png","width":2560,"height":1261,"caption":"Anja"},"logo":{"@id":"https:\/\/freiheitsmamas.de\/#\/schema\/person\/image\/"},"sameAs":["http:\/\/anja-loeppmann.de","https:\/\/www.instagram.com\/freiheitsmamas"]}]}},"_links":{"self":[{"href":"https:\/\/freiheitsmamas.de\/en\/wp-json\/wp\/v2\/pages\/247","targetHints":{"allow":["GET"]}}],"collection":[{"href":"https:\/\/freiheitsmamas.de\/en\/wp-json\/wp\/v2\/pages"}],"about":[{"href":"https:\/\/freiheitsmamas.de\/en\/wp-json\/wp\/v2\/types\/page"}],"author":[{"embeddable":true,"href":"https:\/\/freiheitsmamas.de\/en\/wp-json\/wp\/v2\/users\/1"}],"replies":[{"embeddable":true,"href":"https:\/\/freiheitsmamas.de\/en\/wp-json\/wp\/v2\/comments?post=247"}],"version-history":[{"count":10,"href":"https:\/\/freiheitsmamas.de\/en\/wp-json\/wp\/v2\/pages\/247\/revisions"}],"predecessor-version":[{"id":3053,"href":"https:\/\/freiheitsmamas.de\/en\/wp-json\/wp\/v2\/pages\/247\/revisions\/3053"}],"wp:attachment":[{"href":"https:\/\/freiheitsmamas.de\/en\/wp-json\/wp\/v2\/media?parent=247"}],"curies":[{"name":"wp","href":"https:\/\/api.w.org\/{rel}","templated":true}]}}