{"id":249,"date":"2025-02-18T13:39:18","date_gmt":"2025-02-18T12:39:18","guid":{"rendered":"https:\/\/freiheitsmamas.de\/?page_id=249"},"modified":"2026-01-17T09:24:06","modified_gmt":"2026-01-17T08:24:06","slug":"business","status":"publish","type":"page","link":"https:\/\/freiheitsmamas.de\/en\/business\/","title":{"rendered":"Business"},"content":{"rendered":"<div data-elementor-type=\"wp-page\" data-elementor-id=\"249\" class=\"elementor elementor-249\" data-elementor-post-type=\"page\">\n\t\t\t\t<main class=\"elementor-element elementor-element-3c566b2 e-flex e-con-boxed e-con e-parent\" data-id=\"3c566b2\" data-element_type=\"container\" data-e-type=\"container\" data-settings=\"{&quot;background_background&quot;:&quot;classic&quot;}\">\n\t\t\t\t\t<div class=\"e-con-inner\">\n\t\t\t\t<div class=\"elementor-element elementor-element-b591443 elementor-widget elementor-widget-heading\" data-id=\"b591443\" data-element_type=\"widget\" data-e-type=\"widget\" data-widget_type=\"heading.default\">\n\t\t\t\t\t<h1 class=\"elementor-heading-title elementor-size-default\">Starte dein eigenes Herzensbusiness<\/h1>\t\t\t\t<\/div>\n\t\t\t\t<div class=\"elementor-element elementor-element-63f76c5 elementor-widget elementor-widget-heading\" data-id=\"63f76c5\" data-element_type=\"widget\" data-e-type=\"widget\" data-widget_type=\"heading.default\">\n\t\t\t\t\t<h2 class=\"elementor-heading-title elementor-size-default\">Mit \u00e4therischen \u00d6len und einer Vision, die dich wirklich erf\u00fcllt<\/h2>\t\t\t\t<\/div>\n\t\t\t\t<div class=\"elementor-element elementor-element-01d481c elementor-widget elementor-widget-text-editor\" data-id=\"01d481c\" data-element_type=\"widget\" data-e-type=\"widget\" data-widget_type=\"text-editor.default\">\n\t\t\t\t\t\t\t\t\t<p class=\"p1\">Du sp\u00fcrst, dass da mehr ist.<\/p><p class=\"p1\">Mehr als Alltag. Mehr als funktionieren. Mehr als das st\u00e4ndige Gef\u00fchl, zwischen Familie und Beruf zerrieben zu werden.<\/p><p class=\"p1\">Vielleicht hast du schon lange diesen Traum von etwas Eigenem \u2013 etwas, das dich erf\u00fcllt, dich herausfordert, und dir endlich die Freiheit schenkt, nach der du dich sehnst.<\/p><p class=\"p1\"><b>Dann darfst du diesen Impuls ernst nehmen.<\/b><\/p><p class=\"p1\">Denn genau daf\u00fcr gibt es diesen Weg.<\/p>\t\t\t\t\t\t\t\t<\/div>\n\t\t\t\t\t<\/div>\n\t\t\t\t<\/main>\n\t\t<div class=\"elementor-element elementor-element-1e35f13 e-flex e-con-boxed e-con e-parent\" data-id=\"1e35f13\" data-element_type=\"container\" data-e-type=\"container\">\n\t\t\t\t\t<div class=\"e-con-inner\">\n\t\t<div class=\"elementor-element elementor-element-71d0a97 e-con-full e-flex e-con e-child\" data-id=\"71d0a97\" data-element_type=\"container\" data-e-type=\"container\">\n\t\t\t\t<div class=\"elementor-element elementor-element-416e795 elementor-widget elementor-widget-heading\" data-id=\"416e795\" data-element_type=\"widget\" data-e-type=\"widget\" data-widget_type=\"heading.default\">\n\t\t\t\t\t<h2 class=\"elementor-heading-title elementor-size-default\">Ein Business, das du mit dem Herzen f\u00fchrst \u2013 und mit K\u00f6pfchen aufbaust<\/h2>\t\t\t\t<\/div>\n\t\t\t\t<div class=\"elementor-element elementor-element-22b9b63 elementor-widget elementor-widget-text-editor\" data-id=\"22b9b63\" data-element_type=\"widget\" data-e-type=\"widget\" data-widget_type=\"text-editor.default\">\n\t\t\t\t\t\t\t\t\t<p class=\"p1\">Mit doTERRA kannst du dir ein Business aufbauen, das zu deinem Leben passt \u2013 nicht umgekehrt.<\/p><p class=\"p1\">Du arbeitest zeitlich flexibel, entscheidest selbst, wie du wachsen willst, und baust dir St\u00fcck f\u00fcr St\u00fcck etwas Eigenes auf:<\/p><p class=\"p1\"><b>authentisch, nat\u00fcrlich und in deinem Tempo.<\/b><\/p><p class=\"p1\">Dabei bist du nicht allein. Ich begleite dich auf deinem Weg \u2013 mit allem Wissen, das ich mir selbst aufgebaut habe, und mit echter Verbindung von Mama zu Mama.<\/p>\t\t\t\t\t\t\t\t<\/div>\n\t\t\t\t<\/div>\n\t\t<div class=\"elementor-element elementor-element-f49aae9 e-con-full e-flex e-con e-child\" data-id=\"f49aae9\" data-element_type=\"container\" data-e-type=\"container\" data-settings=\"{&quot;background_background&quot;:&quot;classic&quot;}\">\n\t\t\t\t<\/div>\n\t\t\t\t\t<\/div>\n\t\t\t\t<\/div>\n\t\t<main class=\"elementor-element elementor-element-17b9833 e-flex e-con-boxed e-con e-parent\" data-id=\"17b9833\" data-element_type=\"container\" data-e-type=\"container\" data-settings=\"{&quot;background_background&quot;:&quot;classic&quot;}\">\n\t\t\t\t\t<div class=\"e-con-inner\">\n\t\t\t\t<div class=\"elementor-element elementor-element-47b43a5 elementor-widget elementor-widget-heading\" data-id=\"47b43a5\" data-element_type=\"widget\" data-e-type=\"widget\" data-widget_type=\"heading.default\">\n\t\t\t\t\t<h2 class=\"elementor-heading-title elementor-size-default\">Was dich erwartet:<\/h2>\t\t\t\t<\/div>\n\t\t\t\t<div class=\"elementor-element elementor-element-6f1c272 elementor-widget elementor-widget-text-editor\" data-id=\"6f1c272\" data-element_type=\"widget\" data-e-type=\"widget\" data-widget_type=\"text-editor.default\">\n\t\t\t\t\t\t\t\t\t<p class=\"p1\"><span class=\"s1\">\u2022<\/span> Ein echtes Business mit Sinn \u2013 kein Nebenjob, sondern dein Weg in die Selbstbestimmung<\/p><p class=\"p1\"><span class=\"s1\">\u2022<\/span> Pers\u00f6nliche Mentorin an deiner Seite \u2013 ich begleite dich Schritt f\u00fcr Schritt<\/p><p class=\"p1\"><span class=\"s1\">\u2022<\/span> Zugang zu bew\u00e4hrten Tools, Vorlagen &amp; einem starken Team<\/p><p class=\"p1\"><span class=\"s1\">\u2022<\/span> Wachstum, das von innen kommt \u2013 pers\u00f6nlich &amp; finanziell<\/p><p class=\"p1\"><span class=\"s1\">\u2022<\/span> Die M\u00f6glichkeit, dein Einkommen langfristig selbst zu gestalten \u2013 unabh\u00e4ngig &amp; ortsunabh\u00e4ngig<\/p><p class=\"p1\"><b>Und das Wichtigste:<\/b><\/p><p class=\"p1\">Du musst daf\u00fcr nicht laut sein, nicht perfekt sein, nicht \u201efertig\u201c sein.<\/p><p class=\"p1\">Nur bereit, loszugehen.<\/p>\t\t\t\t\t\t\t\t<\/div>\n\t\t\t\t\t<\/div>\n\t\t\t\t<\/main>\n\t\t<div class=\"elementor-element elementor-element-521c844 e-flex e-con-boxed e-con e-parent\" data-id=\"521c844\" data-element_type=\"container\" data-e-type=\"container\">\n\t\t\t\t\t<div class=\"e-con-inner\">\n\t\t<div class=\"elementor-element elementor-element-2506fdc e-con-full e-flex e-con e-child\" data-id=\"2506fdc\" data-element_type=\"container\" data-e-type=\"container\">\n\t\t\t\t<div class=\"elementor-element elementor-element-5acc2b3 elementor-widget elementor-widget-heading\" data-id=\"5acc2b3\" data-element_type=\"widget\" data-e-type=\"widget\" data-widget_type=\"heading.default\">\n\t\t\t\t\t<h2 class=\"elementor-heading-title elementor-size-default\">F\u00fcr wen dieser Weg geeignet ist<\/h2>\t\t\t\t<\/div>\n\t\t\t\t<div class=\"elementor-element elementor-element-523f893 elementor-widget elementor-widget-text-editor\" data-id=\"523f893\" data-element_type=\"widget\" data-e-type=\"widget\" data-widget_type=\"text-editor.default\">\n\t\t\t\t\t\t\t\t\t<p class=\"p1\"><span class=\"s1\">\u2022<\/span> F\u00fcr Mamas, die sich ein selbstbestimmtes Leben w\u00fcnschen \u2013 mit mehr Zeit f\u00fcr das, was wirklich z\u00e4hlt<\/p><p class=\"p1\"><span class=\"s1\">\u2022<\/span> F\u00fcr Frauen, die ganzheitlich denken und nat\u00fcrliche L\u00f6sungen lieben (auch wenn sie \u00e4therische \u00d6le noch nicht kennen)<\/p><p class=\"p1\"><span class=\"s1\">\u2022<\/span> F\u00fcr alle, die sich nicht l\u00e4nger zwischen Beruf und Familie entscheiden wollen<\/p><p class=\"p1\"><span class=\"s1\">\u2022<\/span> F\u00fcr dich \u2013 wenn du sp\u00fcrst, dass du mehr willst als nur funktionieren<\/p>\t\t\t\t\t\t\t\t<\/div>\n\t\t\t\t<\/div>\n\t\t<div class=\"elementor-element elementor-element-5a09597 e-con-full e-flex e-con e-child\" data-id=\"5a09597\" data-element_type=\"container\" data-e-type=\"container\" data-settings=\"{&quot;background_background&quot;:&quot;classic&quot;}\">\n\t\t\t\t<\/div>\n\t\t\t\t\t<\/div>\n\t\t\t\t<\/div>\n\t\t<main class=\"elementor-element elementor-element-9c4d8c9 e-flex e-con-boxed e-con e-parent\" data-id=\"9c4d8c9\" data-element_type=\"container\" data-e-type=\"container\" data-settings=\"{&quot;background_background&quot;:&quot;classic&quot;}\">\n\t\t\t\t\t<div class=\"e-con-inner\">\n\t\t\t\t<div class=\"elementor-element elementor-element-acb6335 elementor-widget elementor-widget-heading\" data-id=\"acb6335\" data-element_type=\"widget\" data-e-type=\"widget\" data-widget_type=\"heading.default\">\n\t\t\t\t\t<h2 class=\"elementor-heading-title elementor-size-default\">Was du mitbringen darfst \u2013 und was du bekommst:<\/h2>\t\t\t\t<\/div>\n\t\t\t\t<div class=\"elementor-element elementor-element-09da852 elementor-widget elementor-widget-text-editor\" data-id=\"09da852\" data-element_type=\"widget\" data-e-type=\"widget\" data-widget_type=\"text-editor.default\">\n\t\t\t\t\t\t\t\t\t<p class=\"p1\"><b>Was du brauchst:<\/b><\/p><p class=\"p1\"><span class=\"s1\">\u2022<\/span> Offenheit f\u00fcr pers\u00f6nliches Wachstum<\/p><p class=\"p1\"><span class=\"s1\">\u2022<\/span> Freude am Miteinander &amp; an ehrlicher Kommunikation<\/p><p class=\"p1\"><span class=\"s1\">\u2022<\/span> Die Bereitschaft, deinen Fokus auf etwas Neues in deinem Leben zu lenken<\/p><p class=\"p1\"><span class=\"s1\">\u2022<\/span> Den Mut, f\u00fcr deine Tr\u00e4ume loszugehen<\/p><p>\u00a0<\/p><p class=\"p1\"><b>Was du bekommst:<\/b><\/p><p class=\"p1\"><span class=\"s1\">\u2022<\/span> Mein ganzes Wissen &amp; Herzblut<\/p><p class=\"p1\"><span class=\"s1\">\u2022<\/span> Ein klares System &amp; individuelle Begleitung<\/p><p class=\"p1\"><span class=\"s1\">\u2022<\/span> Eine Community, die dich tr\u00e4gt<\/p><p class=\"p1\"><span class=\"s1\">\u2022<\/span> Und ein Business, das du wirklich liebst<\/p>\t\t\t\t\t\t\t\t<\/div>\n\t\t\t\t\t<\/div>\n\t\t\t\t<\/main>\n\t\t<div class=\"elementor-element elementor-element-0ca20b1 e-flex e-con-boxed e-con e-parent\" data-id=\"0ca20b1\" data-element_type=\"container\" data-e-type=\"container\">\n\t\t\t\t\t<div class=\"e-con-inner\">\n\t\t<div class=\"elementor-element elementor-element-9f5168c e-con-full e-flex e-con e-child\" data-id=\"9f5168c\" data-element_type=\"container\" data-e-type=\"container\">\n\t\t\t\t<div class=\"elementor-element elementor-element-43daf5b elementor-widget elementor-widget-heading\" data-id=\"43daf5b\" data-element_type=\"widget\" data-e-type=\"widget\" data-widget_type=\"heading.default\">\n\t\t\t\t\t<h2 class=\"elementor-heading-title elementor-size-default\">Lass uns gemeinsam losgehen<\/h2>\t\t\t\t<\/div>\n\t\t\t\t<div class=\"elementor-element elementor-element-3c9d57b elementor-widget elementor-widget-text-editor\" data-id=\"3c9d57b\" data-element_type=\"widget\" data-e-type=\"widget\" data-widget_type=\"text-editor.default\">\n\t\t\t\t\t\t\t\t\t<p class=\"p1\">Wenn du das Gef\u00fchl hast, dieser Text spricht dich an \u2013 dann ist dein Wunsch nach Ver\u00e4nderung schon l\u00e4ngst da.<\/p><p class=\"p1\">Und das ist kein Zufall.<\/p><p class=\"p1\">Klick auf den Button unten und erz\u00e4hl mir kurz ein bisschen was \u00fcber dich, ich melde mich dann bei dir und wir finden gemeinsam heraus, wie wir deinen ersten Schritt machen k\u00f6nnen.<\/p><p class=\"p1\">Vielleicht ist das der erste Schritt in ein Leben, das sich wirklich nach dir anf\u00fchlt.<\/p><p class=\"p1\"><b>Ich freu mich auf dich.<\/b><\/p>\t\t\t\t\t\t\t\t<\/div>\n\t\t\t\t<div class=\"elementor-element elementor-element-983459b elementor-align-center elementor-widget elementor-widget-button\" data-id=\"983459b\" data-element_type=\"widget\" data-e-type=\"widget\" data-widget_type=\"button.default\">\n\t\t\t\t\t\t\t\t\t\t<a class=\"elementor-button elementor-button-link elementor-size-sm elementor-animation-grow\" href=\"https:\/\/docs.google.com\/forms\/d\/e\/1FAIpQLSfwyrZpYPAgtm1XQezF6uaOgrDvKw635LMhLYdZFZBAYW2_yg\/viewform?usp=sharing&#038;ouid=100197267444963196082\">\n\t\t\t\t\t\t<span class=\"elementor-button-content-wrapper\">\n\t\t\t\t\t\t\t\t\t<span class=\"elementor-button-text\">Trag dich hier ein<\/span>\n\t\t\t\t\t<\/span>\n\t\t\t\t\t<\/a>\n\t\t\t\t\t\t\t\t<\/div>\n\t\t\t\t<\/div>\n\t\t<div class=\"elementor-element elementor-element-2587e5a e-con-full e-flex e-con e-child\" data-id=\"2587e5a\" data-element_type=\"container\" data-e-type=\"container\" data-settings=\"{&quot;background_background&quot;:&quot;classic&quot;}\">\n\t\t\t\t<\/div>\n\t\t\t\t\t<\/div>\n\t\t\t\t<\/div>\n\t\t\t\t<\/div>","protected":false},"excerpt":{"rendered":"<p>Starte dein eigenes Herzensbusiness Mit \u00e4therischen \u00d6len und einer Vision, die dich wirklich erf\u00fcllt Du sp\u00fcrst, dass da mehr ist. Mehr als Alltag. Mehr als funktionieren. Mehr als das st\u00e4ndige Gef\u00fchl, zwischen Familie und Beruf zerrieben zu werden. Vielleicht hast du schon lange diesen Traum von etwas Eigenem \u2013 etwas, das dich erf\u00fcllt, dich herausfordert, [&hellip;]<\/p>\n","protected":false},"author":1,"featured_media":0,"parent":0,"menu_order":0,"comment_status":"closed","ping_status":"closed","template":"elementor_header_footer","meta":{"footnotes":""},"class_list":["post-249","page","type-page","status-publish","hentry"],"yoast_head":"<!-- This site is optimized with the Yoast SEO plugin v27.0 - https:\/\/yoast.com\/product\/yoast-seo-wordpress\/ -->\n<title>Business - freiheitsmamas.de<\/title>\n<meta name=\"robots\" content=\"index, follow, max-snippet:-1, max-image-preview:large, max-video-preview:-1\" \/>\n<link rel=\"canonical\" href=\"https:\/\/freiheitsmamas.de\/en\/business\/\" \/>\n<meta property=\"og:locale\" content=\"en_US\" \/>\n<meta property=\"og:type\" content=\"article\" \/>\n<meta property=\"og:title\" content=\"Business - freiheitsmamas.de\" \/>\n<meta property=\"og:description\" content=\"Starte dein eigenes Herzensbusiness Mit \u00e4therischen \u00d6len und einer Vision, die dich wirklich erf\u00fcllt Du sp\u00fcrst, dass da mehr ist. Mehr als Alltag. Mehr als funktionieren. Mehr als das st\u00e4ndige Gef\u00fchl, zwischen Familie und Beruf zerrieben zu werden. Vielleicht hast du schon lange diesen Traum von etwas Eigenem \u2013 etwas, das dich erf\u00fcllt, dich herausfordert, [&hellip;]\" \/>\n<meta property=\"og:url\" content=\"https:\/\/freiheitsmamas.de\/en\/business\/\" \/>\n<meta property=\"og:site_name\" content=\"freiheitsmamas.de\" \/>\n<meta property=\"article:modified_time\" content=\"2026-01-17T08:24:06+00:00\" \/>\n<meta name=\"twitter:card\" content=\"summary_large_image\" \/>\n<meta name=\"twitter:label1\" content=\"Est. reading time\" \/>\n\t<meta name=\"twitter:data1\" content=\"3 minutes\" \/>\n<script type=\"application\/ld+json\" class=\"yoast-schema-graph\">{\"@context\":\"https:\/\/schema.org\",\"@graph\":[{\"@type\":\"WebPage\",\"@id\":\"https:\/\/freiheitsmamas.de\/business\/\",\"url\":\"https:\/\/freiheitsmamas.de\/business\/\",\"name\":\"Business - freiheitsmamas.de\",\"isPartOf\":{\"@id\":\"https:\/\/freiheitsmamas.de\/#website\"},\"datePublished\":\"2025-02-18T12:39:18+00:00\",\"dateModified\":\"2026-01-17T08:24:06+00:00\",\"breadcrumb\":{\"@id\":\"https:\/\/freiheitsmamas.de\/business\/#breadcrumb\"},\"inLanguage\":\"en-US\",\"potentialAction\":[{\"@type\":\"ReadAction\",\"target\":[\"https:\/\/freiheitsmamas.de\/business\/\"]}]},{\"@type\":\"BreadcrumbList\",\"@id\":\"https:\/\/freiheitsmamas.de\/business\/#breadcrumb\",\"itemListElement\":[{\"@type\":\"ListItem\",\"position\":1,\"name\":\"Startseite\",\"item\":\"https:\/\/freiheitsmamas.de\/\"},{\"@type\":\"ListItem\",\"position\":2,\"name\":\"Business\"}]},{\"@type\":\"WebSite\",\"@id\":\"https:\/\/freiheitsmamas.de\/#website\",\"url\":\"https:\/\/freiheitsmamas.de\/\",\"name\":\"freiheitsmamas.de\",\"description\":\"\",\"publisher\":{\"@id\":\"https:\/\/freiheitsmamas.de\/#\/schema\/person\/9e1fb9b16d478d6b85b5b4ae641bd007\"},\"potentialAction\":[{\"@type\":\"SearchAction\",\"target\":{\"@type\":\"EntryPoint\",\"urlTemplate\":\"https:\/\/freiheitsmamas.de\/?s={search_term_string}\"},\"query-input\":{\"@type\":\"PropertyValueSpecification\",\"valueRequired\":true,\"valueName\":\"search_term_string\"}}],\"inLanguage\":\"en-US\"},{\"@type\":[\"Person\",\"Organization\"],\"@id\":\"https:\/\/freiheitsmamas.de\/#\/schema\/person\/9e1fb9b16d478d6b85b5b4ae641bd007\",\"name\":\"Anja\",\"image\":{\"@type\":\"ImageObject\",\"inLanguage\":\"en-US\",\"@id\":\"https:\/\/freiheitsmamas.de\/#\/schema\/person\/image\/\",\"url\":\"https:\/\/freiheitsmamas.de\/wp-content\/uploads\/2025\/02\/03.-Alternate-logo-Kopie.png\",\"contentUrl\":\"https:\/\/freiheitsmamas.de\/wp-content\/uploads\/2025\/02\/03.-Alternate-logo-Kopie.png\",\"width\":2560,\"height\":1261,\"caption\":\"Anja\"},\"logo\":{\"@id\":\"https:\/\/freiheitsmamas.de\/#\/schema\/person\/image\/\"},\"sameAs\":[\"http:\/\/anja-loeppmann.de\",\"https:\/\/www.instagram.com\/freiheitsmamas\"]}]}<\/script>\n<!-- \/ Yoast SEO plugin. -->","yoast_head_json":{"title":"Business - freiheitsmamas.de","robots":{"index":"index","follow":"follow","max-snippet":"max-snippet:-1","max-image-preview":"max-image-preview:large","max-video-preview":"max-video-preview:-1"},"canonical":"https:\/\/freiheitsmamas.de\/en\/business\/","og_locale":"en_US","og_type":"article","og_title":"Business - freiheitsmamas.de","og_description":"Starte dein eigenes Herzensbusiness Mit \u00e4therischen \u00d6len und einer Vision, die dich wirklich erf\u00fcllt Du sp\u00fcrst, dass da mehr ist. Mehr als Alltag. Mehr als funktionieren. Mehr als das st\u00e4ndige Gef\u00fchl, zwischen Familie und Beruf zerrieben zu werden. Vielleicht hast du schon lange diesen Traum von etwas Eigenem \u2013 etwas, das dich erf\u00fcllt, dich herausfordert, [&hellip;]","og_url":"https:\/\/freiheitsmamas.de\/en\/business\/","og_site_name":"freiheitsmamas.de","article_modified_time":"2026-01-17T08:24:06+00:00","twitter_card":"summary_large_image","twitter_misc":{"Est. reading time":"3 minutes"},"schema":{"@context":"https:\/\/schema.org","@graph":[{"@type":"WebPage","@id":"https:\/\/freiheitsmamas.de\/business\/","url":"https:\/\/freiheitsmamas.de\/business\/","name":"Business - freiheitsmamas.de","isPartOf":{"@id":"https:\/\/freiheitsmamas.de\/#website"},"datePublished":"2025-02-18T12:39:18+00:00","dateModified":"2026-01-17T08:24:06+00:00","breadcrumb":{"@id":"https:\/\/freiheitsmamas.de\/business\/#breadcrumb"},"inLanguage":"en-US","potentialAction":[{"@type":"ReadAction","target":["https:\/\/freiheitsmamas.de\/business\/"]}]},{"@type":"BreadcrumbList","@id":"https:\/\/freiheitsmamas.de\/business\/#breadcrumb","itemListElement":[{"@type":"ListItem","position":1,"name":"Startseite","item":"https:\/\/freiheitsmamas.de\/"},{"@type":"ListItem","position":2,"name":"Business"}]},{"@type":"WebSite","@id":"https:\/\/freiheitsmamas.de\/#website","url":"https:\/\/freiheitsmamas.de\/","name":"freiheitsmamas.de","description":"","publisher":{"@id":"https:\/\/freiheitsmamas.de\/#\/schema\/person\/9e1fb9b16d478d6b85b5b4ae641bd007"},"potentialAction":[{"@type":"SearchAction","target":{"@type":"EntryPoint","urlTemplate":"https:\/\/freiheitsmamas.de\/?s={search_term_string}"},"query-input":{"@type":"PropertyValueSpecification","valueRequired":true,"valueName":"search_term_string"}}],"inLanguage":"en-US"},{"@type":["Person","Organization"],"@id":"https:\/\/freiheitsmamas.de\/#\/schema\/person\/9e1fb9b16d478d6b85b5b4ae641bd007","name":"Anja","image":{"@type":"ImageObject","inLanguage":"en-US","@id":"https:\/\/freiheitsmamas.de\/#\/schema\/person\/image\/","url":"https:\/\/freiheitsmamas.de\/wp-content\/uploads\/2025\/02\/03.-Alternate-logo-Kopie.png","contentUrl":"https:\/\/freiheitsmamas.de\/wp-content\/uploads\/2025\/02\/03.-Alternate-logo-Kopie.png","width":2560,"height":1261,"caption":"Anja"},"logo":{"@id":"https:\/\/freiheitsmamas.de\/#\/schema\/person\/image\/"},"sameAs":["http:\/\/anja-loeppmann.de","https:\/\/www.instagram.com\/freiheitsmamas"]}]}},"_links":{"self":[{"href":"https:\/\/freiheitsmamas.de\/en\/wp-json\/wp\/v2\/pages\/249","targetHints":{"allow":["GET"]}}],"collection":[{"href":"https:\/\/freiheitsmamas.de\/en\/wp-json\/wp\/v2\/pages"}],"about":[{"href":"https:\/\/freiheitsmamas.de\/en\/wp-json\/wp\/v2\/types\/page"}],"author":[{"embeddable":true,"href":"https:\/\/freiheitsmamas.de\/en\/wp-json\/wp\/v2\/users\/1"}],"replies":[{"embeddable":true,"href":"https:\/\/freiheitsmamas.de\/en\/wp-json\/wp\/v2\/comments?post=249"}],"version-history":[{"count":10,"href":"https:\/\/freiheitsmamas.de\/en\/wp-json\/wp\/v2\/pages\/249\/revisions"}],"predecessor-version":[{"id":1774,"href":"https:\/\/freiheitsmamas.de\/en\/wp-json\/wp\/v2\/pages\/249\/revisions\/1774"}],"wp:attachment":[{"href":"https:\/\/freiheitsmamas.de\/en\/wp-json\/wp\/v2\/media?parent=249"}],"curies":[{"name":"wp","href":"https:\/\/api.w.org\/{rel}","templated":true}]}}