{"id":31,"date":"2025-02-10T07:27:54","date_gmt":"2025-02-10T06:27:54","guid":{"rendered":"https:\/\/freiheitsmamas.de\/home\/"},"modified":"2026-02-16T08:57:34","modified_gmt":"2026-02-16T07:57:34","slug":"home","status":"publish","type":"page","link":"https:\/\/freiheitsmamas.de\/en\/","title":{"rendered":"Home"},"content":{"rendered":"<div data-elementor-type=\"wp-page\" data-elementor-id=\"31\" class=\"elementor elementor-31\" data-elementor-post-type=\"page\">\n\t\t\t\t<div class=\"elementor-element elementor-element-1a9dc35 e-con-full e-flex e-con e-parent\" data-id=\"1a9dc35\" data-element_type=\"container\" data-e-type=\"container\">\n\t\t\t\t<div class=\"elementor-element elementor-element-a7ac647 elementor--h-position-center elementor--v-position-middle elementor-arrows-position-inside elementor-pagination-position-inside elementor-widget elementor-widget-slides\" data-id=\"a7ac647\" data-element_type=\"widget\" data-e-type=\"widget\" data-settings=\"{&quot;transition&quot;:&quot;fade&quot;,&quot;transition_speed&quot;:250,&quot;navigation&quot;:&quot;both&quot;,&quot;autoplay&quot;:&quot;yes&quot;,&quot;pause_on_hover&quot;:&quot;yes&quot;,&quot;pause_on_interaction&quot;:&quot;yes&quot;,&quot;autoplay_speed&quot;:5000,&quot;infinite&quot;:&quot;yes&quot;}\" data-widget_type=\"slides.default\">\n\t\t\t\t\t\t\t\t\t\t<div class=\"elementor-slides-wrapper elementor-main-swiper swiper\" role=\"region\" aria-roledescription=\"carousel\" aria-label=\"Slider\" dir=\"ltr\" data-animation=\"zoomIn\">\n\t\t\t\t<div class=\"swiper-wrapper elementor-slides\">\n\t\t\t\t\t\t\t\t\t\t<div class=\"elementor-repeater-item-48698cf swiper-slide\" role=\"group\" aria-roledescription=\"slide\"><div class=\"swiper-slide-bg elementor-ken-burns elementor-ken-burns--in\" role=\"img\" aria-label=\"24 - _XT20073\"><\/div><div class=\"elementor-background-overlay\"><\/div><div class=\"swiper-slide-inner\" ><div class=\"swiper-slide-contents\"><h1 class=\"elementor-slide-heading\">Impulse f\u00fcr mehr Leichtigkeit im Mama-Alltag.<\/h1><p class=\"elementor-slide-description\">Raus aus dem Funktionsmodus.\nEcht. Alltagstauglich. Von Mama zu Mama.<\/p><a href=\"#Kursanker\" class=\"elementor-button elementor-slide-button elementor-size-sm\">Erfahre mehr<\/a><\/div><\/div><\/div><div class=\"elementor-repeater-item-00fd210 swiper-slide\" role=\"group\" aria-roledescription=\"slide\"><div class=\"swiper-slide-bg elementor-ken-burns elementor-ken-burns--in\" role=\"img\" aria-label=\"109 - _XT20453\"><\/div><div class=\"elementor-background-overlay\"><\/div><div class=\"swiper-slide-inner\" ><div class=\"swiper-slide-contents\"><h1 class=\"elementor-slide-heading\">\u00c4therische \u00d6le<\/h1><p class=\"elementor-slide-description\">Sanfte Helfer f\u00fcr dich und dein Kind.\nNat\u00fcrlich. Intuitiv. Alltagsnah.<\/p><a href=\"#Oelanker\" class=\"elementor-button elementor-slide-button elementor-size-sm\">Erfahre mehr<\/a><\/div><\/div><\/div><div class=\"elementor-repeater-item-20323d8 swiper-slide\" role=\"group\" aria-roledescription=\"slide\"><div class=\"swiper-slide-bg elementor-ken-burns elementor-ken-burns--in\" role=\"img\" aria-label=\"55 - _XT20221\"><\/div><div class=\"elementor-background-overlay\"><\/div><div class=\"swiper-slide-inner\" ><div class=\"swiper-slide-contents\"><h1 class=\"elementor-slide-heading\">Dein Weg in die Freiheit<\/h1><p class=\"elementor-slide-description\">Ein Business, das zu deinem Familienleben passt.\nSelbstbestimmt. Sinnvoll. Mit Herz.<\/p><a href=\"#Businessanker\" class=\"elementor-button elementor-slide-button elementor-size-sm\">Erfahre Mehr<\/a><\/div><\/div><\/div>\t\t\t\t<\/div>\n\t\t\t\t\t\t\t\t\t\t\t\t\t\t\t<div class=\"elementor-swiper-button elementor-swiper-button-prev\" role=\"button\" tabindex=\"0\" aria-label=\"Vorheriger Slide\">\n\t\t\t\t\t\t\t<svg aria-hidden=\"true\" class=\"e-font-icon-svg e-eicon-chevron-left\" viewbox=\"0 0 1000 1000\" xmlns=\"http:\/\/www.w3.org\/2000\/svg\"><path d=\"M646 125C629 125 613 133 604 142L308 442C296 454 292 471 292 487 292 504 296 521 308 533L604 854C617 867 629 875 646 875 663 875 679 871 692 858 704 846 713 829 713 812 713 796 708 779 692 767L438 487 692 225C700 217 708 204 708 187 708 171 704 154 692 142 675 129 663 125 646 125Z\"><\/path><\/svg>\t\t\t\t\t\t<\/div>\n\t\t\t\t\t\t<div class=\"elementor-swiper-button elementor-swiper-button-next\" role=\"button\" tabindex=\"0\" aria-label=\"N\u00e4chster Slide\">\n\t\t\t\t\t\t\t<svg aria-hidden=\"true\" class=\"e-font-icon-svg e-eicon-chevron-right\" viewbox=\"0 0 1000 1000\" xmlns=\"http:\/\/www.w3.org\/2000\/svg\"><path d=\"M696 533C708 521 713 504 713 487 713 471 708 454 696 446L400 146C388 133 375 125 354 125 338 125 325 129 313 142 300 154 292 171 292 187 292 204 296 221 308 233L563 492 304 771C292 783 288 800 288 817 288 833 296 850 308 863 321 871 338 875 354 875 371 875 388 867 400 854L696 533Z\"><\/path><\/svg>\t\t\t\t\t\t<\/div>\n\t\t\t\t\t\t\t\t\t\t\t\t\t\t\t\t<div class=\"swiper-pagination\"><\/div>\n\t\t\t\t\t\t\t\t\t\t\t\t<\/div>\n\t\t\t\t\t\t\t\t<\/div>\n\t\t\t\t<\/div>\n\t\t<div class=\"elementor-element elementor-element-0f10485 e-flex e-con-boxed e-con e-parent\" data-id=\"0f10485\" data-element_type=\"container\" data-e-type=\"container\">\n\t\t\t\t\t<div class=\"e-con-inner\">\n\t\t\t\t<div class=\"elementor-element elementor-element-94162ef elementor-widget elementor-widget-menu-anchor\" data-id=\"94162ef\" data-element_type=\"widget\" data-e-type=\"widget\" data-widget_type=\"menu-anchor.default\">\n\t\t\t\t\t\t\t<div class=\"elementor-menu-anchor\" id=\"Oelanker\"><\/div>\n\t\t\t\t\t\t<\/div>\n\t\t\t\t\t<\/div>\n\t\t\t\t<\/div>\n\t\t<div class=\"elementor-element elementor-element-f3275b3 e-flex e-con-boxed e-con e-parent\" data-id=\"f3275b3\" data-element_type=\"container\" data-e-type=\"container\">\n\t\t\t\t\t<div class=\"e-con-inner\">\n\t\t<div class=\"elementor-element elementor-element-d7af89d e-con-full e-flex e-con e-child\" data-id=\"d7af89d\" data-element_type=\"container\" data-e-type=\"container\" data-settings=\"{&quot;background_background&quot;:&quot;classic&quot;}\">\n\t\t\t\t<\/div>\n\t\t<div class=\"elementor-element elementor-element-c54d073 e-con-full e-flex e-con e-child\" data-id=\"c54d073\" data-element_type=\"container\" data-e-type=\"container\">\n\t\t\t\t<div class=\"elementor-element elementor-element-73d3c46 elementor-widget elementor-widget-heading\" data-id=\"73d3c46\" data-element_type=\"widget\" data-e-type=\"widget\" data-widget_type=\"heading.default\">\n\t\t\t\t\t<h2 class=\"elementor-heading-title elementor-size-default\">\u00c4therische \u00d6le \u2013 Sanfte Begleiter f\u00fcr dich &amp; dein Kind<\/h2>\t\t\t\t<\/div>\n\t\t\t\t<div class=\"elementor-element elementor-element-84b8337 elementor-widget elementor-widget-text-editor\" data-id=\"84b8337\" data-element_type=\"widget\" data-e-type=\"widget\" data-widget_type=\"text-editor.default\">\n\t\t\t\t\t\t\t\t\t<p class=\"p1\">Du w\u00fcnschst dir mehr Ruhe, Verbindung und nat\u00fcrliche Unterst\u00fctzung im Alltag?<\/p><p class=\"p1\">\u00c4therische \u00d6le sind kraftvolle Helfer, die dich und dein Kind liebevoll begleiten k\u00f6nnen \u2013 bei kleinen Alltagsmomenten ebenso wie in gro\u00dfen Gef\u00fchlen.<\/p><p class=\"p1\">Gemeinsame Rituale, kindgerechte Anwendungen und dein Gef\u00fchl: <i>Ich kann etwas tun.<\/i><\/p><p class=\"p1\">Lass dich inspirieren \u2013 und finde deinen ganz pers\u00f6nlichen Einstieg.<\/p>\t\t\t\t\t\t\t\t<\/div>\n\t\t\t\t<div class=\"elementor-element elementor-element-da5a46a elementor-mobile-align-center elementor-widget elementor-widget-button\" data-id=\"da5a46a\" data-element_type=\"widget\" data-e-type=\"widget\" data-widget_type=\"button.default\">\n\t\t\t\t\t\t\t\t\t\t<a class=\"elementor-button elementor-button-link elementor-size-sm\" href=\"https:\/\/freiheitsmamas.de\/en\/aetherische-oele\/\">\n\t\t\t\t\t\t<span class=\"elementor-button-content-wrapper\">\n\t\t\t\t\t\t\t\t\t<span class=\"elementor-button-text\">Erfahre mehr<\/span>\n\t\t\t\t\t<\/span>\n\t\t\t\t\t<\/a>\n\t\t\t\t\t\t\t\t<\/div>\n\t\t\t\t<\/div>\n\t\t\t\t\t<\/div>\n\t\t\t\t<\/div>\n\t\t<div class=\"elementor-element elementor-element-ef19225 e-flex e-con-boxed e-con e-parent\" data-id=\"ef19225\" data-element_type=\"container\" data-e-type=\"container\">\n\t\t\t\t\t<div class=\"e-con-inner\">\n\t\t<div class=\"elementor-element elementor-element-939fcee e-con-full e-flex e-con e-child\" data-id=\"939fcee\" data-element_type=\"container\" data-e-type=\"container\">\n\t\t\t\t<div class=\"elementor-element elementor-element-fa2cd49 elementor-widget elementor-widget-menu-anchor\" data-id=\"fa2cd49\" data-element_type=\"widget\" data-e-type=\"widget\" data-widget_type=\"menu-anchor.default\">\n\t\t\t\t\t\t\t<div class=\"elementor-menu-anchor\" id=\"Kursanker\"><\/div>\n\t\t\t\t\t\t<\/div>\n\t\t\t\t<\/div>\n\t\t\t\t\t<\/div>\n\t\t\t\t<\/div>\n\t\t<main class=\"elementor-element elementor-element-12fc913 e-con-full e-flex e-con e-parent\" data-id=\"12fc913\" data-element_type=\"container\" data-e-type=\"container\" data-settings=\"{&quot;background_background&quot;:&quot;classic&quot;}\">\n\t\t<main class=\"elementor-element elementor-element-8819bd4 e-con-full e-flex e-con e-child\" data-id=\"8819bd4\" data-element_type=\"container\" data-e-type=\"container\" data-settings=\"{&quot;background_background&quot;:&quot;classic&quot;}\">\n\t\t\t\t<div class=\"elementor-element elementor-element-d300706 elementor-widget elementor-widget-heading\" data-id=\"d300706\" data-element_type=\"widget\" data-e-type=\"widget\" data-widget_type=\"heading.default\">\n\t\t\t\t\t<h2 class=\"elementor-heading-title elementor-size-default\">Impulse f\u00fcr mehr Leichtigkeit im Mama-Alltag<\/h2>\t\t\t\t<\/div>\n\t\t\t\t<div class=\"elementor-element elementor-element-ec19fe2 elementor-widget elementor-widget-text-editor\" data-id=\"ec19fe2\" data-element_type=\"widget\" data-e-type=\"widget\" data-widget_type=\"text-editor.default\">\n\t\t\t\t\t\t\t\t\t<p class=\"p1\">Du funktionierst nur noch \u2013 statt zu leben?<\/p><p class=\"p1\">Ich begleite dich dabei, mit neuen Routinen, liebevollen Impulsen und alltagstauglichem Wissen wieder mehr Gelassenheit, Verbindung und Klarheit in dein Mama-Leben zu bringen.<\/p>\t\t\t\t\t\t\t\t<\/div>\n\t\t\t\t<div class=\"elementor-element elementor-element-964140b elementor-widget elementor-widget-button\" data-id=\"964140b\" data-element_type=\"widget\" data-e-type=\"widget\" data-widget_type=\"button.default\">\n\t\t\t\t\t\t\t\t\t\t<a class=\"elementor-button elementor-button-link elementor-size-sm\" href=\"https:\/\/freiheitsmamas.de\/en\/landing\/\">\n\t\t\t\t\t\t<span class=\"elementor-button-content-wrapper\">\n\t\t\t\t\t\t\t\t\t<span class=\"elementor-button-text\">Erfahre mehr<\/span>\n\t\t\t\t\t<\/span>\n\t\t\t\t\t<\/a>\n\t\t\t\t\t\t\t\t<\/div>\n\t\t\t\t<\/main>\n\t\t\t\t<\/main>\n\t\t<div class=\"elementor-element elementor-element-a46221b e-flex e-con-boxed e-con e-parent\" data-id=\"a46221b\" data-element_type=\"container\" data-e-type=\"container\">\n\t\t\t\t\t<div class=\"e-con-inner\">\n\t\t\t\t<div class=\"elementor-element elementor-element-372583a elementor-widget elementor-widget-menu-anchor\" data-id=\"372583a\" data-element_type=\"widget\" data-e-type=\"widget\" data-widget_type=\"menu-anchor.default\">\n\t\t\t\t\t\t\t<div class=\"elementor-menu-anchor\" id=\"Businessanker\"><\/div>\n\t\t\t\t\t\t<\/div>\n\t\t\t\t\t<\/div>\n\t\t\t\t<\/div>\n\t\t<div class=\"elementor-element elementor-element-25aa75f e-flex e-con-boxed e-con e-parent\" data-id=\"25aa75f\" data-element_type=\"container\" data-e-type=\"container\">\n\t\t\t\t\t<div class=\"e-con-inner\">\n\t\t<div class=\"elementor-element elementor-element-ab6e3fc e-con-full e-flex e-con e-child\" data-id=\"ab6e3fc\" data-element_type=\"container\" data-e-type=\"container\" data-settings=\"{&quot;background_background&quot;:&quot;classic&quot;}\">\n\t\t\t\t<\/div>\n\t\t<div class=\"elementor-element elementor-element-819e82d e-con-full e-flex e-con e-child\" data-id=\"819e82d\" data-element_type=\"container\" data-e-type=\"container\">\n\t\t\t\t<div class=\"elementor-element elementor-element-f41c10c elementor-widget elementor-widget-heading\" data-id=\"f41c10c\" data-element_type=\"widget\" data-e-type=\"widget\" data-widget_type=\"heading.default\">\n\t\t\t\t\t<h2 class=\"elementor-heading-title elementor-size-default\">Dein Weg in die Freiheit<\/h2>\t\t\t\t<\/div>\n\t\t\t\t<div class=\"elementor-element elementor-element-1ff9d3a elementor-widget elementor-widget-text-editor\" data-id=\"1ff9d3a\" data-element_type=\"widget\" data-e-type=\"widget\" data-widget_type=\"text-editor.default\">\n\t\t\t\t\t\t\t\t\t<p class=\"p1\">Du tr\u00e4umst davon, unabh\u00e4ngig zu arbeiten \u2013 ohne dich zwischen Familie und Beruf entscheiden zu m\u00fcssen?<\/p><p class=\"p1\">Mit d\u014dTERRA kannst du dir ein sinnstiftendes Business aufbauen, das dich erf\u00fcllt, fordert und dir Freiheit schenkt.<\/p><p class=\"p1\">Ehrlich. Nachhaltig. Und mit einer Mentorin, die selbst diesen Weg gegangen ist.<\/p>\t\t\t\t\t\t\t\t<\/div>\n\t\t\t\t<div class=\"elementor-element elementor-element-84a30a8 elementor-mobile-align-center elementor-widget elementor-widget-button\" data-id=\"84a30a8\" data-element_type=\"widget\" data-e-type=\"widget\" data-widget_type=\"button.default\">\n\t\t\t\t\t\t\t\t\t\t<a class=\"elementor-button elementor-button-link elementor-size-sm\" href=\"https:\/\/freiheitsmamas.de\/en\/business\/\">\n\t\t\t\t\t\t<span class=\"elementor-button-content-wrapper\">\n\t\t\t\t\t\t\t\t\t<span class=\"elementor-button-text\">Erfahre mehr<\/span>\n\t\t\t\t\t<\/span>\n\t\t\t\t\t<\/a>\n\t\t\t\t\t\t\t\t<\/div>\n\t\t\t\t<\/div>\n\t\t\t\t\t<\/div>\n\t\t\t\t<\/div>\n\t\t\t\t<\/div>","protected":false},"excerpt":{"rendered":"<p>Impulse f\u00fcr mehr Leichtigkeit im Mama-Alltag. Raus aus dem Funktionsmodus. Echt. Alltagstauglich. Von Mama zu Mama. Erfahre mehr \u00c4therische \u00d6le Sanfte Helfer f\u00fcr dich und dein Kind. Nat\u00fcrlich. Intuitiv. Alltagsnah. Erfahre mehr Dein Weg in die Freiheit Ein Business, das zu deinem Familienleben passt. Selbstbestimmt. Sinnvoll. Mit Herz. Erfahre Mehr \u00c4therische \u00d6le \u2013 Sanfte Begleiter [&hellip;]<\/p>\n","protected":false},"author":1,"featured_media":0,"parent":0,"menu_order":0,"comment_status":"closed","ping_status":"closed","template":"elementor_header_footer","meta":{"footnotes":""},"class_list":["post-31","page","type-page","status-publish","hentry"],"yoast_head":"<!-- This site is optimized with the Yoast SEO plugin v27.0 - https:\/\/yoast.com\/product\/yoast-seo-wordpress\/ -->\n<title>Home - freiheitsmamas.de<\/title>\n<meta name=\"robots\" content=\"index, follow, max-snippet:-1, max-image-preview:large, max-video-preview:-1\" \/>\n<link rel=\"canonical\" href=\"https:\/\/freiheitsmamas.de\/en\/\" \/>\n<meta property=\"og:locale\" content=\"en_US\" \/>\n<meta property=\"og:type\" content=\"article\" \/>\n<meta property=\"og:title\" content=\"Home - freiheitsmamas.de\" \/>\n<meta property=\"og:description\" content=\"Impulse f\u00fcr mehr Leichtigkeit im Mama-Alltag. Raus aus dem Funktionsmodus. Echt. Alltagstauglich. Von Mama zu Mama. Erfahre mehr \u00c4therische \u00d6le Sanfte Helfer f\u00fcr dich und dein Kind. Nat\u00fcrlich. Intuitiv. Alltagsnah. Erfahre mehr Dein Weg in die Freiheit Ein Business, das zu deinem Familienleben passt. Selbstbestimmt. Sinnvoll. Mit Herz. Erfahre Mehr \u00c4therische \u00d6le \u2013 Sanfte Begleiter [&hellip;]\" \/>\n<meta property=\"og:url\" content=\"https:\/\/freiheitsmamas.de\/en\/\" \/>\n<meta property=\"og:site_name\" content=\"freiheitsmamas.de\" \/>\n<meta property=\"article:modified_time\" content=\"2026-02-16T07:57:34+00:00\" \/>\n<meta name=\"twitter:card\" content=\"summary_large_image\" \/>\n<meta name=\"twitter:label1\" content=\"Est. reading time\" \/>\n\t<meta name=\"twitter:data1\" content=\"2 minutes\" \/>\n<script type=\"application\/ld+json\" class=\"yoast-schema-graph\">{\"@context\":\"https:\/\/schema.org\",\"@graph\":[{\"@type\":\"WebPage\",\"@id\":\"https:\/\/freiheitsmamas.de\/\",\"url\":\"https:\/\/freiheitsmamas.de\/\",\"name\":\"Home - freiheitsmamas.de\",\"isPartOf\":{\"@id\":\"https:\/\/freiheitsmamas.de\/#website\"},\"datePublished\":\"2025-02-10T06:27:54+00:00\",\"dateModified\":\"2026-02-16T07:57:34+00:00\",\"breadcrumb\":{\"@id\":\"https:\/\/freiheitsmamas.de\/#breadcrumb\"},\"inLanguage\":\"en-US\",\"potentialAction\":[{\"@type\":\"ReadAction\",\"target\":[\"https:\/\/freiheitsmamas.de\/\"]}]},{\"@type\":\"BreadcrumbList\",\"@id\":\"https:\/\/freiheitsmamas.de\/#breadcrumb\",\"itemListElement\":[{\"@type\":\"ListItem\",\"position\":1,\"name\":\"Startseite\",\"item\":\"https:\/\/freiheitsmamas.de\/\"},{\"@type\":\"ListItem\",\"position\":2,\"name\":\"Home\"}]},{\"@type\":\"WebSite\",\"@id\":\"https:\/\/freiheitsmamas.de\/#website\",\"url\":\"https:\/\/freiheitsmamas.de\/\",\"name\":\"freiheitsmamas.de\",\"description\":\"\",\"publisher\":{\"@id\":\"https:\/\/freiheitsmamas.de\/#\/schema\/person\/9e1fb9b16d478d6b85b5b4ae641bd007\"},\"potentialAction\":[{\"@type\":\"SearchAction\",\"target\":{\"@type\":\"EntryPoint\",\"urlTemplate\":\"https:\/\/freiheitsmamas.de\/?s={search_term_string}\"},\"query-input\":{\"@type\":\"PropertyValueSpecification\",\"valueRequired\":true,\"valueName\":\"search_term_string\"}}],\"inLanguage\":\"en-US\"},{\"@type\":[\"Person\",\"Organization\"],\"@id\":\"https:\/\/freiheitsmamas.de\/#\/schema\/person\/9e1fb9b16d478d6b85b5b4ae641bd007\",\"name\":\"Anja\",\"image\":{\"@type\":\"ImageObject\",\"inLanguage\":\"en-US\",\"@id\":\"https:\/\/freiheitsmamas.de\/#\/schema\/person\/image\/\",\"url\":\"https:\/\/freiheitsmamas.de\/wp-content\/uploads\/2025\/02\/03.-Alternate-logo-Kopie.png\",\"contentUrl\":\"https:\/\/freiheitsmamas.de\/wp-content\/uploads\/2025\/02\/03.-Alternate-logo-Kopie.png\",\"width\":2560,\"height\":1261,\"caption\":\"Anja\"},\"logo\":{\"@id\":\"https:\/\/freiheitsmamas.de\/#\/schema\/person\/image\/\"},\"sameAs\":[\"http:\/\/anja-loeppmann.de\",\"https:\/\/www.instagram.com\/freiheitsmamas\"]}]}<\/script>\n<!-- \/ Yoast SEO plugin. -->","yoast_head_json":{"title":"Home - freiheitsmamas.de","robots":{"index":"index","follow":"follow","max-snippet":"max-snippet:-1","max-image-preview":"max-image-preview:large","max-video-preview":"max-video-preview:-1"},"canonical":"https:\/\/freiheitsmamas.de\/en\/","og_locale":"en_US","og_type":"article","og_title":"Home - freiheitsmamas.de","og_description":"Impulse f\u00fcr mehr Leichtigkeit im Mama-Alltag. Raus aus dem Funktionsmodus. Echt. Alltagstauglich. Von Mama zu Mama. Erfahre mehr \u00c4therische \u00d6le Sanfte Helfer f\u00fcr dich und dein Kind. Nat\u00fcrlich. Intuitiv. Alltagsnah. Erfahre mehr Dein Weg in die Freiheit Ein Business, das zu deinem Familienleben passt. Selbstbestimmt. Sinnvoll. Mit Herz. Erfahre Mehr \u00c4therische \u00d6le \u2013 Sanfte Begleiter [&hellip;]","og_url":"https:\/\/freiheitsmamas.de\/en\/","og_site_name":"freiheitsmamas.de","article_modified_time":"2026-02-16T07:57:34+00:00","twitter_card":"summary_large_image","twitter_misc":{"Est. reading time":"2 minutes"},"schema":{"@context":"https:\/\/schema.org","@graph":[{"@type":"WebPage","@id":"https:\/\/freiheitsmamas.de\/","url":"https:\/\/freiheitsmamas.de\/","name":"Home - freiheitsmamas.de","isPartOf":{"@id":"https:\/\/freiheitsmamas.de\/#website"},"datePublished":"2025-02-10T06:27:54+00:00","dateModified":"2026-02-16T07:57:34+00:00","breadcrumb":{"@id":"https:\/\/freiheitsmamas.de\/#breadcrumb"},"inLanguage":"en-US","potentialAction":[{"@type":"ReadAction","target":["https:\/\/freiheitsmamas.de\/"]}]},{"@type":"BreadcrumbList","@id":"https:\/\/freiheitsmamas.de\/#breadcrumb","itemListElement":[{"@type":"ListItem","position":1,"name":"Startseite","item":"https:\/\/freiheitsmamas.de\/"},{"@type":"ListItem","position":2,"name":"Home"}]},{"@type":"WebSite","@id":"https:\/\/freiheitsmamas.de\/#website","url":"https:\/\/freiheitsmamas.de\/","name":"freiheitsmamas.de","description":"","publisher":{"@id":"https:\/\/freiheitsmamas.de\/#\/schema\/person\/9e1fb9b16d478d6b85b5b4ae641bd007"},"potentialAction":[{"@type":"SearchAction","target":{"@type":"EntryPoint","urlTemplate":"https:\/\/freiheitsmamas.de\/?s={search_term_string}"},"query-input":{"@type":"PropertyValueSpecification","valueRequired":true,"valueName":"search_term_string"}}],"inLanguage":"en-US"},{"@type":["Person","Organization"],"@id":"https:\/\/freiheitsmamas.de\/#\/schema\/person\/9e1fb9b16d478d6b85b5b4ae641bd007","name":"Anja","image":{"@type":"ImageObject","inLanguage":"en-US","@id":"https:\/\/freiheitsmamas.de\/#\/schema\/person\/image\/","url":"https:\/\/freiheitsmamas.de\/wp-content\/uploads\/2025\/02\/03.-Alternate-logo-Kopie.png","contentUrl":"https:\/\/freiheitsmamas.de\/wp-content\/uploads\/2025\/02\/03.-Alternate-logo-Kopie.png","width":2560,"height":1261,"caption":"Anja"},"logo":{"@id":"https:\/\/freiheitsmamas.de\/#\/schema\/person\/image\/"},"sameAs":["http:\/\/anja-loeppmann.de","https:\/\/www.instagram.com\/freiheitsmamas"]}]}},"_links":{"self":[{"href":"https:\/\/freiheitsmamas.de\/en\/wp-json\/wp\/v2\/pages\/31","targetHints":{"allow":["GET"]}}],"collection":[{"href":"https:\/\/freiheitsmamas.de\/en\/wp-json\/wp\/v2\/pages"}],"about":[{"href":"https:\/\/freiheitsmamas.de\/en\/wp-json\/wp\/v2\/types\/page"}],"author":[{"embeddable":true,"href":"https:\/\/freiheitsmamas.de\/en\/wp-json\/wp\/v2\/users\/1"}],"replies":[{"embeddable":true,"href":"https:\/\/freiheitsmamas.de\/en\/wp-json\/wp\/v2\/comments?post=31"}],"version-history":[{"count":10,"href":"https:\/\/freiheitsmamas.de\/en\/wp-json\/wp\/v2\/pages\/31\/revisions"}],"predecessor-version":[{"id":3022,"href":"https:\/\/freiheitsmamas.de\/en\/wp-json\/wp\/v2\/pages\/31\/revisions\/3022"}],"wp:attachment":[{"href":"https:\/\/freiheitsmamas.de\/en\/wp-json\/wp\/v2\/media?parent=31"}],"curies":[{"name":"wp","href":"https:\/\/api.w.org\/{rel}","templated":true}]}}