{"id":72,"date":"2025-02-17T09:44:43","date_gmt":"2025-02-17T08:44:43","guid":{"rendered":"https:\/\/freiheitsmamas.de\/mein-konto\/"},"modified":"2025-10-24T17:15:19","modified_gmt":"2025-10-24T15:15:19","slug":"mein-konto","status":"publish","type":"page","link":"https:\/\/freiheitsmamas.de\/en\/mein-konto\/","title":{"rendered":"Mein Konto"},"content":{"rendered":"<div data-elementor-type=\"wp-page\" data-elementor-id=\"72\" class=\"elementor elementor-72\" data-elementor-post-type=\"page\">\n\t\t\t\t<div class=\"elementor-element elementor-element-45770338 e-flex e-con-boxed e-con e-parent\" data-id=\"45770338\" data-element_type=\"container\" data-e-type=\"container\">\n\t\t\t\t\t<div class=\"e-con-inner\">\n\t\t\t\t<div class=\"elementor-element elementor-element-5a4dd64 e-my-account-tabs-horizontal elementor-widget elementor-widget-woocommerce-my-account\" data-id=\"5a4dd64\" data-element_type=\"widget\" data-e-type=\"widget\" data-widget_type=\"woocommerce-my-account.default\">\n\t\t\t\t\t<div class=\"e-my-account-tab e-my-account-tab__\">\t\t\t<div class=\"woocommerce\"><\/div>\t\t<\/div>\n\t\t\t\t\t\t<\/div>\n\t\t\t\t\t<\/div>\n\t\t\t\t<\/div>\n\t\t\t\t<\/div>","protected":false},"excerpt":{"rendered":"<p>\u00dcbersicht Meine Kurse Bestellungen Downloads Adressen Kontodetails Zahlungen Abmelden \u00dcbersicht Meine Kurse Bestellungen Downloads Adressen Kontodetails Zahlungen Abmelden \u00dcbersicht Meine Kurse Bestellungen Downloads Adressen Kontodetails Zahlungen Abmelden \u00dcbersicht Meine Kurse Bestellungen Downloads Adressen Kontodetails Zahlungen Abmelden Hallo Micha (nicht Micha? Abmelden) In deiner Konto-\u00dcbersicht kannst du deine letzten Bestellungen ansehen, deine Liefer- und Rechnungsadresse verwalten [&hellip;]<\/p>\n","protected":false},"author":1,"featured_media":0,"parent":0,"menu_order":0,"comment_status":"closed","ping_status":"closed","template":"","meta":{"footnotes":""},"class_list":["post-72","page","type-page","status-publish","hentry"],"yoast_head":"<!-- This site is optimized with the Yoast SEO plugin v27.0 - https:\/\/yoast.com\/product\/yoast-seo-wordpress\/ -->\n<title>Mein Konto - freiheitsmamas.de<\/title>\n<meta name=\"robots\" content=\"noindex, nofollow\" \/>\n<meta property=\"og:locale\" content=\"en_US\" \/>\n<meta property=\"og:type\" content=\"article\" \/>\n<meta property=\"og:title\" content=\"Mein Konto - freiheitsmamas.de\" \/>\n<meta property=\"og:description\" content=\"\u00dcbersicht Meine Kurse Bestellungen Downloads Adressen Kontodetails Zahlungen Abmelden \u00dcbersicht Meine Kurse Bestellungen Downloads Adressen Kontodetails Zahlungen Abmelden \u00dcbersicht Meine Kurse Bestellungen Downloads Adressen Kontodetails Zahlungen Abmelden \u00dcbersicht Meine Kurse Bestellungen Downloads Adressen Kontodetails Zahlungen Abmelden Hallo Micha (nicht Micha? Abmelden) In deiner Konto-\u00dcbersicht kannst du deine letzten Bestellungen ansehen, deine Liefer- und Rechnungsadresse verwalten [&hellip;]\" \/>\n<meta property=\"og:url\" content=\"https:\/\/freiheitsmamas.de\/en\/mein-konto\/\" \/>\n<meta property=\"og:site_name\" content=\"freiheitsmamas.de\" \/>\n<meta property=\"article:modified_time\" content=\"2025-10-24T15:15:19+00:00\" \/>\n<meta name=\"twitter:card\" content=\"summary_large_image\" \/>\n<meta name=\"twitter:label1\" content=\"Est. reading time\" \/>\n\t<meta name=\"twitter:data1\" content=\"2 minutes\" \/>\n<script type=\"application\/ld+json\" class=\"yoast-schema-graph\">{\"@context\":\"https:\/\/schema.org\",\"@graph\":[{\"@type\":\"WebPage\",\"@id\":\"https:\/\/freiheitsmamas.de\/mein-konto\/\",\"url\":\"https:\/\/freiheitsmamas.de\/mein-konto\/\",\"name\":\"Mein Konto - freiheitsmamas.de\",\"isPartOf\":{\"@id\":\"https:\/\/freiheitsmamas.de\/#website\"},\"datePublished\":\"2025-02-17T08:44:43+00:00\",\"dateModified\":\"2025-10-24T15:15:19+00:00\",\"breadcrumb\":{\"@id\":\"https:\/\/freiheitsmamas.de\/mein-konto\/#breadcrumb\"},\"inLanguage\":\"en-US\",\"potentialAction\":[{\"@type\":\"ReadAction\",\"target\":[\"https:\/\/freiheitsmamas.de\/mein-konto\/\"]}]},{\"@type\":\"BreadcrumbList\",\"@id\":\"https:\/\/freiheitsmamas.de\/mein-konto\/#breadcrumb\",\"itemListElement\":[{\"@type\":\"ListItem\",\"position\":1,\"name\":\"Startseite\",\"item\":\"https:\/\/freiheitsmamas.de\/\"},{\"@type\":\"ListItem\",\"position\":2,\"name\":\"Mein Konto\"}]},{\"@type\":\"WebSite\",\"@id\":\"https:\/\/freiheitsmamas.de\/#website\",\"url\":\"https:\/\/freiheitsmamas.de\/\",\"name\":\"freiheitsmamas.de\",\"description\":\"\",\"publisher\":{\"@id\":\"https:\/\/freiheitsmamas.de\/#\/schema\/person\/9e1fb9b16d478d6b85b5b4ae641bd007\"},\"potentialAction\":[{\"@type\":\"SearchAction\",\"target\":{\"@type\":\"EntryPoint\",\"urlTemplate\":\"https:\/\/freiheitsmamas.de\/?s={search_term_string}\"},\"query-input\":{\"@type\":\"PropertyValueSpecification\",\"valueRequired\":true,\"valueName\":\"search_term_string\"}}],\"inLanguage\":\"en-US\"},{\"@type\":[\"Person\",\"Organization\"],\"@id\":\"https:\/\/freiheitsmamas.de\/#\/schema\/person\/9e1fb9b16d478d6b85b5b4ae641bd007\",\"name\":\"Anja\",\"image\":{\"@type\":\"ImageObject\",\"inLanguage\":\"en-US\",\"@id\":\"https:\/\/freiheitsmamas.de\/#\/schema\/person\/image\/\",\"url\":\"https:\/\/freiheitsmamas.de\/wp-content\/uploads\/2025\/02\/03.-Alternate-logo-Kopie.png\",\"contentUrl\":\"https:\/\/freiheitsmamas.de\/wp-content\/uploads\/2025\/02\/03.-Alternate-logo-Kopie.png\",\"width\":2560,\"height\":1261,\"caption\":\"Anja\"},\"logo\":{\"@id\":\"https:\/\/freiheitsmamas.de\/#\/schema\/person\/image\/\"},\"sameAs\":[\"http:\/\/anja-loeppmann.de\",\"https:\/\/www.instagram.com\/freiheitsmamas\"]}]}<\/script>\n<!-- \/ Yoast SEO plugin. -->","yoast_head_json":{"title":"Mein Konto - freiheitsmamas.de","robots":{"index":"noindex","follow":"nofollow"},"og_locale":"en_US","og_type":"article","og_title":"Mein Konto - freiheitsmamas.de","og_description":"\u00dcbersicht Meine Kurse Bestellungen Downloads Adressen Kontodetails Zahlungen Abmelden \u00dcbersicht Meine Kurse Bestellungen Downloads Adressen Kontodetails Zahlungen Abmelden \u00dcbersicht Meine Kurse Bestellungen Downloads Adressen Kontodetails Zahlungen Abmelden \u00dcbersicht Meine Kurse Bestellungen Downloads Adressen Kontodetails Zahlungen Abmelden Hallo Micha (nicht Micha? Abmelden) In deiner Konto-\u00dcbersicht kannst du deine letzten Bestellungen ansehen, deine Liefer- und Rechnungsadresse verwalten [&hellip;]","og_url":"https:\/\/freiheitsmamas.de\/en\/mein-konto\/","og_site_name":"freiheitsmamas.de","article_modified_time":"2025-10-24T15:15:19+00:00","twitter_card":"summary_large_image","twitter_misc":{"Est. reading time":"2 minutes"},"schema":{"@context":"https:\/\/schema.org","@graph":[{"@type":"WebPage","@id":"https:\/\/freiheitsmamas.de\/mein-konto\/","url":"https:\/\/freiheitsmamas.de\/mein-konto\/","name":"Mein Konto - freiheitsmamas.de","isPartOf":{"@id":"https:\/\/freiheitsmamas.de\/#website"},"datePublished":"2025-02-17T08:44:43+00:00","dateModified":"2025-10-24T15:15:19+00:00","breadcrumb":{"@id":"https:\/\/freiheitsmamas.de\/mein-konto\/#breadcrumb"},"inLanguage":"en-US","potentialAction":[{"@type":"ReadAction","target":["https:\/\/freiheitsmamas.de\/mein-konto\/"]}]},{"@type":"BreadcrumbList","@id":"https:\/\/freiheitsmamas.de\/mein-konto\/#breadcrumb","itemListElement":[{"@type":"ListItem","position":1,"name":"Startseite","item":"https:\/\/freiheitsmamas.de\/"},{"@type":"ListItem","position":2,"name":"Mein Konto"}]},{"@type":"WebSite","@id":"https:\/\/freiheitsmamas.de\/#website","url":"https:\/\/freiheitsmamas.de\/","name":"freiheitsmamas.de","description":"","publisher":{"@id":"https:\/\/freiheitsmamas.de\/#\/schema\/person\/9e1fb9b16d478d6b85b5b4ae641bd007"},"potentialAction":[{"@type":"SearchAction","target":{"@type":"EntryPoint","urlTemplate":"https:\/\/freiheitsmamas.de\/?s={search_term_string}"},"query-input":{"@type":"PropertyValueSpecification","valueRequired":true,"valueName":"search_term_string"}}],"inLanguage":"en-US"},{"@type":["Person","Organization"],"@id":"https:\/\/freiheitsmamas.de\/#\/schema\/person\/9e1fb9b16d478d6b85b5b4ae641bd007","name":"Anja","image":{"@type":"ImageObject","inLanguage":"en-US","@id":"https:\/\/freiheitsmamas.de\/#\/schema\/person\/image\/","url":"https:\/\/freiheitsmamas.de\/wp-content\/uploads\/2025\/02\/03.-Alternate-logo-Kopie.png","contentUrl":"https:\/\/freiheitsmamas.de\/wp-content\/uploads\/2025\/02\/03.-Alternate-logo-Kopie.png","width":2560,"height":1261,"caption":"Anja"},"logo":{"@id":"https:\/\/freiheitsmamas.de\/#\/schema\/person\/image\/"},"sameAs":["http:\/\/anja-loeppmann.de","https:\/\/www.instagram.com\/freiheitsmamas"]}]}},"_links":{"self":[{"href":"https:\/\/freiheitsmamas.de\/en\/wp-json\/wp\/v2\/pages\/72","targetHints":{"allow":["GET"]}}],"collection":[{"href":"https:\/\/freiheitsmamas.de\/en\/wp-json\/wp\/v2\/pages"}],"about":[{"href":"https:\/\/freiheitsmamas.de\/en\/wp-json\/wp\/v2\/types\/page"}],"author":[{"embeddable":true,"href":"https:\/\/freiheitsmamas.de\/en\/wp-json\/wp\/v2\/users\/1"}],"replies":[{"embeddable":true,"href":"https:\/\/freiheitsmamas.de\/en\/wp-json\/wp\/v2\/comments?post=72"}],"version-history":[{"count":7,"href":"https:\/\/freiheitsmamas.de\/en\/wp-json\/wp\/v2\/pages\/72\/revisions"}],"predecessor-version":[{"id":1353,"href":"https:\/\/freiheitsmamas.de\/en\/wp-json\/wp\/v2\/pages\/72\/revisions\/1353"}],"wp:attachment":[{"href":"https:\/\/freiheitsmamas.de\/en\/wp-json\/wp\/v2\/media?parent=72"}],"curies":[{"name":"wp","href":"https:\/\/api.w.org\/{rel}","templated":true}]}}